{"id":778,"date":"2024-10-24T01:20:19","date_gmt":"2024-10-23T23:20:19","guid":{"rendered":"https:\/\/360.qualintra.com\/?post_type=product&#038;p=778"},"modified":"2024-12-09T21:30:52","modified_gmt":"2024-12-09T20:30:52","slug":"360-operativer-manager","status":"publish","type":"product","link":"https:\/\/360.qualintra.com\/de\/produkt\/360-operativer-manager\/","title":{"rendered":"360\u00b0 Operativer Manager"},"content":{"rendered":"<h2><strong>360\u00b0 Feedback: Operativer Manager<\/strong><\/h2>\n<h3>Betroffene Bev\u00f6lkerung und Ziele<\/h3>\n<p>Dieser 360\u00b0 richtet sich an operative Manager, die f\u00fcr ein Team verantwortlich sind, das aus einzelnen Beitragenden und \/ oder Managern bestehen kann.<\/p>\n<p>Dieses 360\u00b0-Feedback-Tool zeigt auf, auf welche St\u00e4rken sie bei ihrer t\u00e4glichen Arbeit bauen k\u00f6nnen und welche Verhaltensweisen und F\u00e4higkeiten sie verst\u00e4rken m\u00fcssen, um ihrer Rolle noch besser gerecht zu werden.<\/p>\n<h3>Vorstellung der Vorlage<\/h3>\n<p>Der 360\u00b0-Fragebogen wurde auf der Grundlage der neuesten Beobachtungen und Forschungsergebnisse zu den Kompetenzen, die ein operativer Manager ben\u00f6tigt, erstellt. Er wurde auf der Grundlage der Qualintra-Datenbank erstellt, die entsprechend den Projekten, die wir f\u00fcr unsere Kunden durchf\u00fchren, st\u00e4ndig erweitert wird.<\/p>\n<p>Der Fragebogen ist um drei Kompetenzfamilien herum aufgebaut: Team leiten, effektiv interagieren, Lust machen.<\/p>\n<p><img fetchpriority=\"high\" decoding=\"async\" id=\"img100\" src=\"https:\/\/shop.qualintra.com\/Shop\/image.ashx?qs=E6F03295CACAF49B8E5727F6572D57A34A3DE6D70E8702CA38D9747293A8746B2EEACF82D8E0613DBDA12517F7FA02450310CD871CD022D7FA810EEA5597668B8C61B45A6A4E795097C6CEF8E1D75194D4214F53CA7EF81E936AA79AE2960B79\" width=\"870\" height=\"513\" \/><\/p>\n<p>Jede Familie wird in Form von mehreren Fragen beschrieben aufgeschl\u00fcsselt. Mit jeder Frage wird ein beobachtbares Verhalten auf einer sechsstufigen Skala bewertet: trifft voll und ganz zu, trifft zu, trifft eher zu, trifft eher nicht zu, trifft nicht zu, trifft \u00fcberhaupt nicht zu. Zwei offene Fragen am Ende des Fragebogens geben den Teilnehmern die M\u00f6glichkeit, sich frei zu den St\u00e4rken und Verbesserungsm\u00f6glichkeiten zu \u00e4u\u00dfern, die sie bei der beurteilten Person sehen. Diese Kommentare unterst\u00fctzen die Analyse der Zahlenangaben und liefern wertvolles Material f\u00fcr die Interpretation der Ergebnisse. Die Punktzahlen werden auf einer Skala von 1 bis 6 ausgedr\u00fcckt.<\/p>\n<h3>Wachsamkeitspunkte f\u00fcr Coaches<\/h3>\n<p>Dieser Fragebogen richtet sich an eine Zielgruppe von Middle Managern. Daher ist es notwendig, das Umfeld und den Umfang der beurteilten Person zu verstehen, um sicherzustellen, dass Sie einen relevanten 360\u00b0-Feedback-Fragebogen verwenden.<\/p>","protected":false},"excerpt":{"rendered":"<p>360\u00b0 Feedback\u00a0: Manager op\u00e9rationnel Population concern\u00e9e et objectifs Ce 360\u00b0 s\u2019adresse \u00e0 des managers op\u00e9rationnels, responsables d\u2019une \u00e9quipe qui peut \u00eatre compos\u00e9e de contributeurs individuels et \/ ou de managers. Cet outil de feedback 360\u00b0 permet de mettre en \u00e9vidence les points forts sur lesquels ils peuvent s\u2019appuyer dans leur travail au quotidien et les [&hellip;]<\/p>","protected":false},"featured_media":411,"template":"","meta":[],"product_brand":[],"product_cat":[15],"product_tag":[],"class_list":{"0":"post-778","1":"product","2":"type-product","3":"status-publish","4":"has-post-thumbnail","6":"product_cat-non-classe","8":"first","9":"instock","10":"virtual","11":"taxable","12":"purchasable","13":"product-type-simple"},"yoast_head":"<!-- This site is optimized with the Yoast SEO plugin v26.6 - https:\/\/yoast.com\/wordpress\/plugins\/seo\/ -->\n<title>360\u00b0 Manager op\u00e9rationnel - Qualintra 360<\/title>\n<meta name=\"robots\" content=\"index, follow, max-snippet:-1, max-image-preview:large, max-video-preview:-1\" \/>\n<link rel=\"canonical\" href=\"https:\/\/360.qualintra.com\/de\/produkt\/360-operativer-manager\/\" \/>\n<meta property=\"og:locale\" content=\"de_DE\" \/>\n<meta property=\"og:type\" content=\"article\" \/>\n<meta property=\"og:title\" content=\"360\u00b0 Manager op\u00e9rationnel - Qualintra 360\" \/>\n<meta property=\"og:description\" content=\"360\u00b0 Feedback\u00a0: Manager op\u00e9rationnel Population concern\u00e9e et objectifs Ce 360\u00b0 s\u2019adresse \u00e0 des managers op\u00e9rationnels, responsables d\u2019une \u00e9quipe qui peut \u00eatre compos\u00e9e de contributeurs individuels et \/ ou de managers. Cet outil de feedback 360\u00b0 permet de mettre en \u00e9vidence les points forts sur lesquels ils peuvent s\u2019appuyer dans leur travail au quotidien et les [&hellip;]\" \/>\n<meta property=\"og:url\" content=\"https:\/\/360.qualintra.com\/de\/produkt\/360-operativer-manager\/\" \/>\n<meta property=\"og:site_name\" content=\"Qualintra 360\" \/>\n<meta property=\"article:modified_time\" content=\"2024-12-09T20:30:52+00:00\" \/>\n<meta property=\"og:image\" content=\"https:\/\/360.qualintra.com\/wp-content\/uploads\/2024\/10\/image.png\" \/>\n\t<meta property=\"og:image:width\" content=\"96\" \/>\n\t<meta property=\"og:image:height\" content=\"96\" \/>\n\t<meta property=\"og:image:type\" content=\"image\/png\" \/>\n<meta name=\"twitter:card\" content=\"summary_large_image\" \/>\n<meta name=\"twitter:label1\" content=\"Gesch\u00e4tzte Lesezeit\" \/>\n\t<meta name=\"twitter:data1\" content=\"2\u00a0Minuten\" \/>\n<script type=\"application\/ld+json\" class=\"yoast-schema-graph\">{\"@context\":\"https:\/\/schema.org\",\"@graph\":[{\"@type\":\"WebPage\",\"@id\":\"https:\/\/360.qualintra.com\/produit\/360-manager-operationnel\/\",\"url\":\"https:\/\/360.qualintra.com\/produit\/360-manager-operationnel\/\",\"name\":\"360\u00b0 Manager op\u00e9rationnel - Qualintra 360\",\"isPartOf\":{\"@id\":\"https:\/\/360.qualintra.com\/#website\"},\"primaryImageOfPage\":{\"@id\":\"https:\/\/360.qualintra.com\/produit\/360-manager-operationnel\/#primaryimage\"},\"image\":{\"@id\":\"https:\/\/360.qualintra.com\/produit\/360-manager-operationnel\/#primaryimage\"},\"thumbnailUrl\":\"https:\/\/360.qualintra.com\/wp-content\/uploads\/2024\/10\/image.png\",\"datePublished\":\"2024-10-23T23:20:19+00:00\",\"dateModified\":\"2024-12-09T20:30:52+00:00\",\"breadcrumb\":{\"@id\":\"https:\/\/360.qualintra.com\/produit\/360-manager-operationnel\/#breadcrumb\"},\"inLanguage\":\"de\",\"potentialAction\":[{\"@type\":\"ReadAction\",\"target\":[\"https:\/\/360.qualintra.com\/produit\/360-manager-operationnel\/\"]}]},{\"@type\":\"ImageObject\",\"inLanguage\":\"de\",\"@id\":\"https:\/\/360.qualintra.com\/produit\/360-manager-operationnel\/#primaryimage\",\"url\":\"https:\/\/360.qualintra.com\/wp-content\/uploads\/2024\/10\/image.png\",\"contentUrl\":\"https:\/\/360.qualintra.com\/wp-content\/uploads\/2024\/10\/image.png\",\"width\":96,\"height\":96},{\"@type\":\"BreadcrumbList\",\"@id\":\"https:\/\/360.qualintra.com\/produit\/360-manager-operationnel\/#breadcrumb\",\"itemListElement\":[{\"@type\":\"ListItem\",\"position\":1,\"name\":\"Accueil\",\"item\":\"https:\/\/360.qualintra.com\/\"},{\"@type\":\"ListItem\",\"position\":2,\"name\":\"eShop\",\"item\":\"https:\/\/360.qualintra.com\/boutique\/\"},{\"@type\":\"ListItem\",\"position\":3,\"name\":\"360\u00b0 Manager op\u00e9rationnel\"}]},{\"@type\":\"WebSite\",\"@id\":\"https:\/\/360.qualintra.com\/#website\",\"url\":\"https:\/\/360.qualintra.com\/\",\"name\":\"Qualintra 360\",\"description\":\"\",\"publisher\":{\"@id\":\"https:\/\/360.qualintra.com\/#organization\"},\"potentialAction\":[{\"@type\":\"SearchAction\",\"target\":{\"@type\":\"EntryPoint\",\"urlTemplate\":\"https:\/\/360.qualintra.com\/?s={search_term_string}\"},\"query-input\":{\"@type\":\"PropertyValueSpecification\",\"valueRequired\":true,\"valueName\":\"search_term_string\"}}],\"inLanguage\":\"de\"},{\"@type\":\"Organization\",\"@id\":\"https:\/\/360.qualintra.com\/#organization\",\"name\":\"Qualintra 360\",\"url\":\"https:\/\/360.qualintra.com\/\",\"logo\":{\"@type\":\"ImageObject\",\"inLanguage\":\"de\",\"@id\":\"https:\/\/360.qualintra.com\/#\/schema\/logo\/image\/\",\"url\":\"https:\/\/360.qualintra.com\/wp-content\/uploads\/2024\/09\/logo-qualintra.png\",\"contentUrl\":\"https:\/\/360.qualintra.com\/wp-content\/uploads\/2024\/09\/logo-qualintra.png\",\"width\":1180,\"height\":232,\"caption\":\"Qualintra 360\"},\"image\":{\"@id\":\"https:\/\/360.qualintra.com\/#\/schema\/logo\/image\/\"}}]}<\/script>\n<!-- \/ Yoast SEO plugin. -->","yoast_head_json":{"title":"360\u00b0 Operativer Manager - Qualintra 360","robots":{"index":"index","follow":"follow","max-snippet":"max-snippet:-1","max-image-preview":"max-image-preview:large","max-video-preview":"max-video-preview:-1"},"canonical":"https:\/\/360.qualintra.com\/de\/produkt\/360-operativer-manager\/","og_locale":"de_DE","og_type":"article","og_title":"360\u00b0 Manager op\u00e9rationnel - Qualintra 360","og_description":"360\u00b0 Feedback\u00a0: Manager op\u00e9rationnel Population concern\u00e9e et objectifs Ce 360\u00b0 s\u2019adresse \u00e0 des managers op\u00e9rationnels, responsables d\u2019une \u00e9quipe qui peut \u00eatre compos\u00e9e de contributeurs individuels et \/ ou de managers. Cet outil de feedback 360\u00b0 permet de mettre en \u00e9vidence les points forts sur lesquels ils peuvent s\u2019appuyer dans leur travail au quotidien et les [&hellip;]","og_url":"https:\/\/360.qualintra.com\/de\/produkt\/360-operativer-manager\/","og_site_name":"Qualintra 360","article_modified_time":"2024-12-09T20:30:52+00:00","og_image":[{"width":96,"height":96,"url":"https:\/\/360.qualintra.com\/wp-content\/uploads\/2024\/10\/image.png","type":"image\/png"}],"twitter_card":"summary_large_image","twitter_misc":{"Gesch\u00e4tzte Lesezeit":"2\u00a0Minuten"},"schema":{"@context":"https:\/\/schema.org","@graph":[{"@type":"WebPage","@id":"https:\/\/360.qualintra.com\/produit\/360-manager-operationnel\/","url":"https:\/\/360.qualintra.com\/produit\/360-manager-operationnel\/","name":"360\u00b0 Operativer Manager - Qualintra 360","isPartOf":{"@id":"https:\/\/360.qualintra.com\/#website"},"primaryImageOfPage":{"@id":"https:\/\/360.qualintra.com\/produit\/360-manager-operationnel\/#primaryimage"},"image":{"@id":"https:\/\/360.qualintra.com\/produit\/360-manager-operationnel\/#primaryimage"},"thumbnailUrl":"https:\/\/360.qualintra.com\/wp-content\/uploads\/2024\/10\/image.png","datePublished":"2024-10-23T23:20:19+00:00","dateModified":"2024-12-09T20:30:52+00:00","breadcrumb":{"@id":"https:\/\/360.qualintra.com\/produit\/360-manager-operationnel\/#breadcrumb"},"inLanguage":"de","potentialAction":[{"@type":"ReadAction","target":["https:\/\/360.qualintra.com\/produit\/360-manager-operationnel\/"]}]},{"@type":"ImageObject","inLanguage":"de","@id":"https:\/\/360.qualintra.com\/produit\/360-manager-operationnel\/#primaryimage","url":"https:\/\/360.qualintra.com\/wp-content\/uploads\/2024\/10\/image.png","contentUrl":"https:\/\/360.qualintra.com\/wp-content\/uploads\/2024\/10\/image.png","width":96,"height":96},{"@type":"BreadcrumbList","@id":"https:\/\/360.qualintra.com\/produit\/360-manager-operationnel\/#breadcrumb","itemListElement":[{"@type":"ListItem","position":1,"name":"Accueil","item":"https:\/\/360.qualintra.com\/"},{"@type":"ListItem","position":2,"name":"eShop","item":"https:\/\/360.qualintra.com\/boutique\/"},{"@type":"ListItem","position":3,"name":"360\u00b0 Manager op\u00e9rationnel"}]},{"@type":"WebSite","@id":"https:\/\/360.qualintra.com\/#website","url":"https:\/\/360.qualintra.com\/","name":"Qualintra 360","description":"","publisher":{"@id":"https:\/\/360.qualintra.com\/#organization"},"potentialAction":[{"@type":"SearchAction","target":{"@type":"EntryPoint","urlTemplate":"https:\/\/360.qualintra.com\/?s={search_term_string}"},"query-input":{"@type":"PropertyValueSpecification","valueRequired":true,"valueName":"search_term_string"}}],"inLanguage":"de"},{"@type":"Organization","@id":"https:\/\/360.qualintra.com\/#organization","name":"Qualintra 360","url":"https:\/\/360.qualintra.com\/","logo":{"@type":"ImageObject","inLanguage":"de","@id":"https:\/\/360.qualintra.com\/#\/schema\/logo\/image\/","url":"https:\/\/360.qualintra.com\/wp-content\/uploads\/2024\/09\/logo-qualintra.png","contentUrl":"https:\/\/360.qualintra.com\/wp-content\/uploads\/2024\/09\/logo-qualintra.png","width":1180,"height":232,"caption":"Qualintra 360"},"image":{"@id":"https:\/\/360.qualintra.com\/#\/schema\/logo\/image\/"}}]}},"_links":{"self":[{"href":"https:\/\/360.qualintra.com\/de\/wp-json\/wp\/v2\/product\/778","targetHints":{"allow":["GET"]}}],"collection":[{"href":"https:\/\/360.qualintra.com\/de\/wp-json\/wp\/v2\/product"}],"about":[{"href":"https:\/\/360.qualintra.com\/de\/wp-json\/wp\/v2\/types\/product"}],"wp:featuredmedia":[{"embeddable":true,"href":"https:\/\/360.qualintra.com\/de\/wp-json\/wp\/v2\/media\/411"}],"wp:attachment":[{"href":"https:\/\/360.qualintra.com\/de\/wp-json\/wp\/v2\/media?parent=778"}],"wp:term":[{"taxonomy":"product_brand","embeddable":true,"href":"https:\/\/360.qualintra.com\/de\/wp-json\/wp\/v2\/product_brand?post=778"},{"taxonomy":"product_cat","embeddable":true,"href":"https:\/\/360.qualintra.com\/de\/wp-json\/wp\/v2\/product_cat?post=778"},{"taxonomy":"product_tag","embeddable":true,"href":"https:\/\/360.qualintra.com\/de\/wp-json\/wp\/v2\/product_tag?post=778"}],"curies":[{"name":"wp","href":"https:\/\/api.w.org\/{rel}","templated":true}]}}