{"id":923,"date":"2024-11-14T23:15:54","date_gmt":"2024-11-14T22:15:54","guid":{"rendered":"https:\/\/360.qualintra.com\/?post_type=product&#038;p=923"},"modified":"2024-12-09T21:30:04","modified_gmt":"2024-12-09T20:30:04","slug":"360-manager-transformations","status":"publish","type":"product","link":"https:\/\/360.qualintra.com\/de\/produkt\/360-manager-transformations\/","title":{"rendered":"360\u00b0 Manager-Transformationen"},"content":{"rendered":"<h2><strong>360\u00b0 Feedback: Manager-Transformationen<\/strong><\/h2>\n<h3>Betroffene Bev\u00f6lkerung und Ziele<\/h3>\n<p>Dieses 360-Feedback zielt darauf ab, den Grad der Beherrschung dieser Schl\u00fcsselkompetenzen bei Senior- und Middle-Managern zu bewerten, die f\u00fcr die Leitung operativer Transformationen verantwortlich sind.<\/p>\n<p>Ziel ist es, ihre St\u00e4rken und Verbesserungsschwerpunkte zu identifizieren, um sie in ihrer Rolle als Anf\u00fchrer des Wandels bestm\u00f6glich zu unterst\u00fctzen.<\/p>\n<h3>Vorstellung der Vorlage<\/h3>\n<p>Der 360\u00b0-Fragebogen ist auf der Grundlage der neuesten Beobachtungen und Forschungsergebnisse zu den F\u00fchrungskompetenzen aufgebaut, die f\u00fcr die Wahrnehmung dieser Verantwortungsebene erforderlich sind.<\/p>\n<p>Er wurde auf der Grundlage der Qualintra-Datenbank erstellt, die st\u00e4ndig entsprechend den Projekten, die wir f\u00fcr unsere Kunden durchf\u00fchren, erweitert wird.<\/p>\n<p>Der Fragebogen ist um neun Kompetenzfamilien herum aufgebaut:<\/p>\n<ul>\n<li>Inspiration<\/li>\n<li>Offenheit f\u00fcr Ver\u00e4nderungen<\/li>\n<li>Emotionale Intelligenz<\/li>\n<li>Animation von Teams<\/li>\n<li>Entwicklung von F\u00e4higkeiten<\/li>\n<li>Ergebnisorientierung<\/li>\n<li>Pers\u00f6nliche St\u00e4rke<\/li>\n<li>Zusammenarbeit<\/li>\n<li>Manager in der Komplexit\u00e4t<\/li>\n<\/ul>\n<p><img fetchpriority=\"high\" decoding=\"async\" id=\"img106\" src=\"https:\/\/shop.qualintra.com\/Shop\/image.ashx?qs=E6F03295CACAF49B1E07C2CFC14CE634BAC537C99D694E82697D5DF282E384D1F314DD939BCDA2042AEF148148B8184296A692972505E9BC5E61D0E9ADFD33B8AE52AC20A1836EDE00F7FD657D295428D09AD59DBBD867B6392FCE308BC9A7D9\" width=\"783\" height=\"345\" \/><\/p>\n<p>Jede Familie ist in Fertigkeiten unterteilt, jede Fertigkeit wird in Form von mehreren Fragen beschrieben.<\/p>\n<p>Mit jeder Frage wird ein beobachtbares Verhalten auf einer sechsstufigen Skala bewertet: trifft voll und ganz zu, trifft zu, trifft eher zu, trifft eher nicht zu, trifft nicht zu, trifft \u00fcberhaupt nicht zu.<\/p>\n<p>Zwei offene Fragen am Ende des Fragebogens geben den Teilnehmern die M\u00f6glichkeit, sich frei zu den St\u00e4rken und Verbesserungsm\u00f6glichkeiten zu \u00e4u\u00dfern, die sie bei der beurteilten Person sehen.<\/p>\n<p>Diese Kommentare unterst\u00fctzen die Analyse des Zahlenmaterials und liefern wertvolles Material f\u00fcr die Interpretation der Ergebnisse.<\/p>\n<p>Die Punktzahlen werden auf einer Skala von 1 bis 6 ausgedr\u00fcckt.<\/p>\n<h3>Wachsamkeitspunkte f\u00fcr Coaches<\/h3>\n<p>Dieser Fragebogen richtet sich an eine Senior- und Middle-Zielgruppe.<\/p>\n<p>Bewertungen bestimmter Verhaltensweisen, die den Teilnehmer involvieren, wie Innovation oder Interaktion, k\u00f6nnen \u00fcber den beruflichen Bereich hinausgehen und tiefer in emotionalen Sph\u00e4ren mitschwingen, die mit der Pers\u00f6nlichkeit verbunden sind.<\/p>\n<p>Je nach Person kann die emotionale Belastung stark sein und Verleugnungsreaktionen sind nicht auszuschlie\u00dfen.<\/p>\n<p>Die Nachbesprechung dieser 360\u00b0 erfordert daher ein hohes Ma\u00df an Sensibilit\u00e4t sowie ein gutes Ma\u00df an Einf\u00fchlungsverm\u00f6gen.<\/p>\n<p>Sie sollte von erfahrenen Coaches durchgef\u00fchrt werden.<\/p>","protected":false},"excerpt":{"rendered":"<p>360\u00b0 Feedback : Manager-transformations Population concern\u00e9e et objectifs Ce Feedback 360 vise \u00e0 \u00e9valuer le niveau de ma\u00eetrise de ces comp\u00e9tences cl\u00e9s chez les managers seniors et Middle en charge de g\u00e9rer des transformations op\u00e9rationnelles. L&rsquo;objectif est d&rsquo;identifier leurs points forts et axes de progr\u00e8s afin de les accompagner au mieux dans leur r\u00f4le de [&hellip;]<\/p>","protected":false},"featured_media":411,"template":"","meta":[],"product_brand":[],"product_cat":[15],"product_tag":[],"class_list":{"0":"post-923","1":"product","2":"type-product","3":"status-publish","4":"has-post-thumbnail","6":"product_cat-non-classe","8":"first","9":"instock","10":"virtual","11":"taxable","12":"purchasable","13":"product-type-simple"},"yoast_head":"<!-- This site is optimized with the Yoast SEO plugin v26.6 - https:\/\/yoast.com\/wordpress\/plugins\/seo\/ -->\n<title>360\u00b0 Manager-transformations - Qualintra 360<\/title>\n<meta name=\"robots\" content=\"index, follow, max-snippet:-1, max-image-preview:large, max-video-preview:-1\" \/>\n<link rel=\"canonical\" href=\"https:\/\/360.qualintra.com\/de\/produkt\/360-manager-transformations\/\" \/>\n<meta property=\"og:locale\" content=\"de_DE\" \/>\n<meta property=\"og:type\" content=\"article\" \/>\n<meta property=\"og:title\" content=\"360\u00b0 Manager-transformations - Qualintra 360\" \/>\n<meta property=\"og:description\" content=\"360\u00b0 Feedback : Manager-transformations Population concern\u00e9e et objectifs Ce Feedback 360 vise \u00e0 \u00e9valuer le niveau de ma\u00eetrise de ces comp\u00e9tences cl\u00e9s chez les managers seniors et Middle en charge de g\u00e9rer des transformations op\u00e9rationnelles. L&rsquo;objectif est d&rsquo;identifier leurs points forts et axes de progr\u00e8s afin de les accompagner au mieux dans leur r\u00f4le de [&hellip;]\" \/>\n<meta property=\"og:url\" content=\"https:\/\/360.qualintra.com\/de\/produkt\/360-manager-transformations\/\" \/>\n<meta property=\"og:site_name\" content=\"Qualintra 360\" \/>\n<meta property=\"article:modified_time\" content=\"2024-12-09T20:30:04+00:00\" \/>\n<meta property=\"og:image\" content=\"https:\/\/360.qualintra.com\/wp-content\/uploads\/2024\/10\/image.png\" \/>\n\t<meta property=\"og:image:width\" content=\"96\" \/>\n\t<meta property=\"og:image:height\" content=\"96\" \/>\n\t<meta property=\"og:image:type\" content=\"image\/png\" \/>\n<meta name=\"twitter:card\" content=\"summary_large_image\" \/>\n<meta name=\"twitter:label1\" content=\"Gesch\u00e4tzte Lesezeit\" \/>\n\t<meta name=\"twitter:data1\" content=\"2\u00a0Minuten\" \/>\n<script type=\"application\/ld+json\" class=\"yoast-schema-graph\">{\"@context\":\"https:\/\/schema.org\",\"@graph\":[{\"@type\":\"WebPage\",\"@id\":\"https:\/\/360.qualintra.com\/produit\/360-manager-transformations\/\",\"url\":\"https:\/\/360.qualintra.com\/produit\/360-manager-transformations\/\",\"name\":\"360\u00b0 Manager-transformations - Qualintra 360\",\"isPartOf\":{\"@id\":\"https:\/\/360.qualintra.com\/#website\"},\"primaryImageOfPage\":{\"@id\":\"https:\/\/360.qualintra.com\/produit\/360-manager-transformations\/#primaryimage\"},\"image\":{\"@id\":\"https:\/\/360.qualintra.com\/produit\/360-manager-transformations\/#primaryimage\"},\"thumbnailUrl\":\"https:\/\/360.qualintra.com\/wp-content\/uploads\/2024\/10\/image.png\",\"datePublished\":\"2024-11-14T22:15:54+00:00\",\"dateModified\":\"2024-12-09T20:30:04+00:00\",\"breadcrumb\":{\"@id\":\"https:\/\/360.qualintra.com\/produit\/360-manager-transformations\/#breadcrumb\"},\"inLanguage\":\"de\",\"potentialAction\":[{\"@type\":\"ReadAction\",\"target\":[\"https:\/\/360.qualintra.com\/produit\/360-manager-transformations\/\"]}]},{\"@type\":\"ImageObject\",\"inLanguage\":\"de\",\"@id\":\"https:\/\/360.qualintra.com\/produit\/360-manager-transformations\/#primaryimage\",\"url\":\"https:\/\/360.qualintra.com\/wp-content\/uploads\/2024\/10\/image.png\",\"contentUrl\":\"https:\/\/360.qualintra.com\/wp-content\/uploads\/2024\/10\/image.png\",\"width\":96,\"height\":96},{\"@type\":\"BreadcrumbList\",\"@id\":\"https:\/\/360.qualintra.com\/produit\/360-manager-transformations\/#breadcrumb\",\"itemListElement\":[{\"@type\":\"ListItem\",\"position\":1,\"name\":\"Accueil\",\"item\":\"https:\/\/360.qualintra.com\/\"},{\"@type\":\"ListItem\",\"position\":2,\"name\":\"eShop\",\"item\":\"https:\/\/360.qualintra.com\/boutique\/\"},{\"@type\":\"ListItem\",\"position\":3,\"name\":\"360\u00b0 Manager-transformations\"}]},{\"@type\":\"WebSite\",\"@id\":\"https:\/\/360.qualintra.com\/#website\",\"url\":\"https:\/\/360.qualintra.com\/\",\"name\":\"Qualintra 360\",\"description\":\"\",\"publisher\":{\"@id\":\"https:\/\/360.qualintra.com\/#organization\"},\"potentialAction\":[{\"@type\":\"SearchAction\",\"target\":{\"@type\":\"EntryPoint\",\"urlTemplate\":\"https:\/\/360.qualintra.com\/?s={search_term_string}\"},\"query-input\":{\"@type\":\"PropertyValueSpecification\",\"valueRequired\":true,\"valueName\":\"search_term_string\"}}],\"inLanguage\":\"de\"},{\"@type\":\"Organization\",\"@id\":\"https:\/\/360.qualintra.com\/#organization\",\"name\":\"Qualintra 360\",\"url\":\"https:\/\/360.qualintra.com\/\",\"logo\":{\"@type\":\"ImageObject\",\"inLanguage\":\"de\",\"@id\":\"https:\/\/360.qualintra.com\/#\/schema\/logo\/image\/\",\"url\":\"https:\/\/360.qualintra.com\/wp-content\/uploads\/2024\/09\/logo-qualintra.png\",\"contentUrl\":\"https:\/\/360.qualintra.com\/wp-content\/uploads\/2024\/09\/logo-qualintra.png\",\"width\":1180,\"height\":232,\"caption\":\"Qualintra 360\"},\"image\":{\"@id\":\"https:\/\/360.qualintra.com\/#\/schema\/logo\/image\/\"}}]}<\/script>\n<!-- \/ Yoast SEO plugin. -->","yoast_head_json":{"title":"360\u00b0 Manager-transformations - Qualintra 360","robots":{"index":"index","follow":"follow","max-snippet":"max-snippet:-1","max-image-preview":"max-image-preview:large","max-video-preview":"max-video-preview:-1"},"canonical":"https:\/\/360.qualintra.com\/de\/produkt\/360-manager-transformations\/","og_locale":"de_DE","og_type":"article","og_title":"360\u00b0 Manager-transformations - Qualintra 360","og_description":"360\u00b0 Feedback : Manager-transformations Population concern\u00e9e et objectifs Ce Feedback 360 vise \u00e0 \u00e9valuer le niveau de ma\u00eetrise de ces comp\u00e9tences cl\u00e9s chez les managers seniors et Middle en charge de g\u00e9rer des transformations op\u00e9rationnelles. L&rsquo;objectif est d&rsquo;identifier leurs points forts et axes de progr\u00e8s afin de les accompagner au mieux dans leur r\u00f4le de [&hellip;]","og_url":"https:\/\/360.qualintra.com\/de\/produkt\/360-manager-transformations\/","og_site_name":"Qualintra 360","article_modified_time":"2024-12-09T20:30:04+00:00","og_image":[{"width":96,"height":96,"url":"https:\/\/360.qualintra.com\/wp-content\/uploads\/2024\/10\/image.png","type":"image\/png"}],"twitter_card":"summary_large_image","twitter_misc":{"Gesch\u00e4tzte Lesezeit":"2\u00a0Minuten"},"schema":{"@context":"https:\/\/schema.org","@graph":[{"@type":"WebPage","@id":"https:\/\/360.qualintra.com\/produit\/360-manager-transformations\/","url":"https:\/\/360.qualintra.com\/produit\/360-manager-transformations\/","name":"360\u00b0 Manager-transformations - Qualintra 360","isPartOf":{"@id":"https:\/\/360.qualintra.com\/#website"},"primaryImageOfPage":{"@id":"https:\/\/360.qualintra.com\/produit\/360-manager-transformations\/#primaryimage"},"image":{"@id":"https:\/\/360.qualintra.com\/produit\/360-manager-transformations\/#primaryimage"},"thumbnailUrl":"https:\/\/360.qualintra.com\/wp-content\/uploads\/2024\/10\/image.png","datePublished":"2024-11-14T22:15:54+00:00","dateModified":"2024-12-09T20:30:04+00:00","breadcrumb":{"@id":"https:\/\/360.qualintra.com\/produit\/360-manager-transformations\/#breadcrumb"},"inLanguage":"de","potentialAction":[{"@type":"ReadAction","target":["https:\/\/360.qualintra.com\/produit\/360-manager-transformations\/"]}]},{"@type":"ImageObject","inLanguage":"de","@id":"https:\/\/360.qualintra.com\/produit\/360-manager-transformations\/#primaryimage","url":"https:\/\/360.qualintra.com\/wp-content\/uploads\/2024\/10\/image.png","contentUrl":"https:\/\/360.qualintra.com\/wp-content\/uploads\/2024\/10\/image.png","width":96,"height":96},{"@type":"BreadcrumbList","@id":"https:\/\/360.qualintra.com\/produit\/360-manager-transformations\/#breadcrumb","itemListElement":[{"@type":"ListItem","position":1,"name":"Accueil","item":"https:\/\/360.qualintra.com\/"},{"@type":"ListItem","position":2,"name":"eShop","item":"https:\/\/360.qualintra.com\/boutique\/"},{"@type":"ListItem","position":3,"name":"360\u00b0 Manager-transformations"}]},{"@type":"WebSite","@id":"https:\/\/360.qualintra.com\/#website","url":"https:\/\/360.qualintra.com\/","name":"Qualintra 360","description":"","publisher":{"@id":"https:\/\/360.qualintra.com\/#organization"},"potentialAction":[{"@type":"SearchAction","target":{"@type":"EntryPoint","urlTemplate":"https:\/\/360.qualintra.com\/?s={search_term_string}"},"query-input":{"@type":"PropertyValueSpecification","valueRequired":true,"valueName":"search_term_string"}}],"inLanguage":"de"},{"@type":"Organization","@id":"https:\/\/360.qualintra.com\/#organization","name":"Qualintra 360","url":"https:\/\/360.qualintra.com\/","logo":{"@type":"ImageObject","inLanguage":"de","@id":"https:\/\/360.qualintra.com\/#\/schema\/logo\/image\/","url":"https:\/\/360.qualintra.com\/wp-content\/uploads\/2024\/09\/logo-qualintra.png","contentUrl":"https:\/\/360.qualintra.com\/wp-content\/uploads\/2024\/09\/logo-qualintra.png","width":1180,"height":232,"caption":"Qualintra 360"},"image":{"@id":"https:\/\/360.qualintra.com\/#\/schema\/logo\/image\/"}}]}},"_links":{"self":[{"href":"https:\/\/360.qualintra.com\/de\/wp-json\/wp\/v2\/product\/923","targetHints":{"allow":["GET"]}}],"collection":[{"href":"https:\/\/360.qualintra.com\/de\/wp-json\/wp\/v2\/product"}],"about":[{"href":"https:\/\/360.qualintra.com\/de\/wp-json\/wp\/v2\/types\/product"}],"wp:featuredmedia":[{"embeddable":true,"href":"https:\/\/360.qualintra.com\/de\/wp-json\/wp\/v2\/media\/411"}],"wp:attachment":[{"href":"https:\/\/360.qualintra.com\/de\/wp-json\/wp\/v2\/media?parent=923"}],"wp:term":[{"taxonomy":"product_brand","embeddable":true,"href":"https:\/\/360.qualintra.com\/de\/wp-json\/wp\/v2\/product_brand?post=923"},{"taxonomy":"product_cat","embeddable":true,"href":"https:\/\/360.qualintra.com\/de\/wp-json\/wp\/v2\/product_cat?post=923"},{"taxonomy":"product_tag","embeddable":true,"href":"https:\/\/360.qualintra.com\/de\/wp-json\/wp\/v2\/product_tag?post=923"}],"curies":[{"name":"wp","href":"https:\/\/api.w.org\/{rel}","templated":true}]}}