{"id":410,"date":"2024-10-17T02:25:52","date_gmt":"2024-10-17T00:25:52","guid":{"rendered":"https:\/\/360.qualintra.com\/?post_type=product&#038;p=410"},"modified":"2024-12-09T21:31:10","modified_gmt":"2024-12-09T20:31:10","slug":"360-expert","status":"publish","type":"product","link":"https:\/\/360.qualintra.com\/en\/product\/360-expert\/","title":{"rendered":"360\u00b0 Expert"},"content":{"rendered":"<h2><strong>360\u00b0 Feedback: Business expert<\/strong><\/h2>\n<h3>Target population and objectives<\/h3>\n<p>This 360\u00b0 feedback tool measures the skills expected of an expert in their field. The expert may be an operational expert (e.g. a researcher, a transport and customs specialist in a mass distribution company, a nuclear risk manager in an insurance company or a key account manager) or a functional expert (e.g. an international lawyer, an employee relations manager or a management controller).<\/p>\n<p>The demands that organisations place on experts have changed in recent years. Experts must no longer simply be great \"knowers\"; they must be able to pass on their knowledge, anticipate and answer their customers' questions, and demonstrate good interpersonal skills. This 360\u00b0 assessment highlights the strengths they can draw on in their day-to-day work and the behaviours and skills they need to reinforce to perform their role even better.<\/p>\n<h3>Presentation of the model<\/h3>\n<p>The 360\u00b0 questionnaire is based on the most recent observations and research into the skills required of an expert. It is based on the Qualintra database, which is constantly being updated in line with the projects we carry out for our customers.<\/p>\n<p>The questionnaire is organised around 7 skill families: technical leadership, knowledge management, results orientation, collaboration, innovation, customer orientation and interpersonal relations.<\/p>\n<p><img fetchpriority=\"high\" decoding=\"async\" id=\"img106\" src=\"https:\/\/shop.qualintra.com\/Shop\/image.ashx?qs=E6F03295CACAF49B1E07C2CFC14CE634BAC537C99D694E82697D5DF282E384D1F314DD939BCDA2042AEF148148B8184296A692972505E9BC5E61D0E9ADFD33B8AE52AC20A1836EDE00F7FD657D295428D09AD59DBBD867B6392FCE308BC9A7D9\" width=\"783\" height=\"345\" \/><\/p>\n<p>Each family is broken down into skills, and each skill is described in the form of several questions. Each question assesses an observable behaviour on a six-point scale: completely agree, agree, tend to agree, tend to disagree, disagree, completely disagree. Two open-ended questions at the end of the questionnaire allow participants to express themselves freely on the strengths and areas for improvement that they see in the person being assessed. These comments feed into the analysis of the figures and provide valuable material for interpreting the results. Scores are expressed on a scale of 1 to 6.<\/p>\n<h3>Points of attention for coaches<\/h3>\n<p>This 360\u00b0 assessment is designed to evaluate the skills of individual expert contributors. If participants are in charge of a team (head of legal department, head of operational risk department, etc.), it is advisable to consider their role and whether management tasks take precedence over expert tasks. In this case, we recommend that you use the 360\u00b0 Operational Manager Feedback to assess the participant's skills in a relevant way.<\/p>","protected":false},"excerpt":{"rendered":"<p>360\u00b0 Feedback\u00a0: Expert m\u00e9tier Population concern\u00e9e et objectifs Cet outil de feedback 360\u00b0 permet de mesurer les comp\u00e9tences attendues d\u2019un expert dans son m\u00e9tier. Il peut s\u2019agir d\u2019un expert op\u00e9rationnel (chercheur, sp\u00e9cialiste des transport et douanes dans une entreprise de grande distribution, responsable des risques nucl\u00e9aires dans une compagnie d\u2019assurance par exemple, responsable grands comptes) [&hellip;]<\/p>","protected":false},"featured_media":411,"template":"","meta":[],"product_brand":[],"product_cat":[15],"product_tag":[],"class_list":{"0":"post-410","1":"product","2":"type-product","3":"status-publish","4":"has-post-thumbnail","6":"product_cat-non-classe","8":"first","9":"instock","10":"virtual","11":"taxable","12":"purchasable","13":"product-type-simple"},"yoast_head":"<!-- This site is optimized with the Yoast SEO plugin v26.6 - https:\/\/yoast.com\/wordpress\/plugins\/seo\/ -->\n<title>360\u00b0 Expert - Qualintra 360<\/title>\n<meta name=\"robots\" content=\"index, follow, max-snippet:-1, max-image-preview:large, max-video-preview:-1\" \/>\n<link rel=\"canonical\" href=\"https:\/\/360.qualintra.com\/en\/product\/360-expert\/\" \/>\n<meta property=\"og:locale\" content=\"en_GB\" \/>\n<meta property=\"og:type\" content=\"article\" \/>\n<meta property=\"og:title\" content=\"360\u00b0 Expert - Qualintra 360\" \/>\n<meta property=\"og:description\" content=\"360\u00b0 Feedback\u00a0: Expert m\u00e9tier Population concern\u00e9e et objectifs Cet outil de feedback 360\u00b0 permet de mesurer les comp\u00e9tences attendues d\u2019un expert dans son m\u00e9tier. Il peut s\u2019agir d\u2019un expert op\u00e9rationnel (chercheur, sp\u00e9cialiste des transport et douanes dans une entreprise de grande distribution, responsable des risques nucl\u00e9aires dans une compagnie d\u2019assurance par exemple, responsable grands comptes) [&hellip;]\" \/>\n<meta property=\"og:url\" content=\"https:\/\/360.qualintra.com\/en\/product\/360-expert\/\" \/>\n<meta property=\"og:site_name\" content=\"Qualintra 360\" \/>\n<meta property=\"article:modified_time\" content=\"2024-12-09T20:31:10+00:00\" \/>\n<meta property=\"og:image\" content=\"https:\/\/360.qualintra.com\/wp-content\/uploads\/2024\/10\/image.png\" \/>\n\t<meta property=\"og:image:width\" content=\"96\" \/>\n\t<meta property=\"og:image:height\" content=\"96\" \/>\n\t<meta property=\"og:image:type\" content=\"image\/png\" \/>\n<meta name=\"twitter:card\" content=\"summary_large_image\" \/>\n<meta name=\"twitter:label1\" content=\"Estimated reading time\" \/>\n\t<meta name=\"twitter:data1\" content=\"2 minutes\" \/>\n<script type=\"application\/ld+json\" class=\"yoast-schema-graph\">{\"@context\":\"https:\/\/schema.org\",\"@graph\":[{\"@type\":\"WebPage\",\"@id\":\"https:\/\/360.qualintra.com\/produit\/360-expert\/\",\"url\":\"https:\/\/360.qualintra.com\/produit\/360-expert\/\",\"name\":\"360\u00b0 Expert - Qualintra 360\",\"isPartOf\":{\"@id\":\"https:\/\/360.qualintra.com\/#website\"},\"primaryImageOfPage\":{\"@id\":\"https:\/\/360.qualintra.com\/produit\/360-expert\/#primaryimage\"},\"image\":{\"@id\":\"https:\/\/360.qualintra.com\/produit\/360-expert\/#primaryimage\"},\"thumbnailUrl\":\"https:\/\/360.qualintra.com\/wp-content\/uploads\/2024\/10\/image.png\",\"datePublished\":\"2024-10-17T00:25:52+00:00\",\"dateModified\":\"2024-12-09T20:31:10+00:00\",\"breadcrumb\":{\"@id\":\"https:\/\/360.qualintra.com\/produit\/360-expert\/#breadcrumb\"},\"inLanguage\":\"en-GB\",\"potentialAction\":[{\"@type\":\"ReadAction\",\"target\":[\"https:\/\/360.qualintra.com\/produit\/360-expert\/\"]}]},{\"@type\":\"ImageObject\",\"inLanguage\":\"en-GB\",\"@id\":\"https:\/\/360.qualintra.com\/produit\/360-expert\/#primaryimage\",\"url\":\"https:\/\/360.qualintra.com\/wp-content\/uploads\/2024\/10\/image.png\",\"contentUrl\":\"https:\/\/360.qualintra.com\/wp-content\/uploads\/2024\/10\/image.png\",\"width\":96,\"height\":96},{\"@type\":\"BreadcrumbList\",\"@id\":\"https:\/\/360.qualintra.com\/produit\/360-expert\/#breadcrumb\",\"itemListElement\":[{\"@type\":\"ListItem\",\"position\":1,\"name\":\"Accueil\",\"item\":\"https:\/\/360.qualintra.com\/\"},{\"@type\":\"ListItem\",\"position\":2,\"name\":\"eShop\",\"item\":\"https:\/\/360.qualintra.com\/boutique\/\"},{\"@type\":\"ListItem\",\"position\":3,\"name\":\"360\u00b0 Expert\"}]},{\"@type\":\"WebSite\",\"@id\":\"https:\/\/360.qualintra.com\/#website\",\"url\":\"https:\/\/360.qualintra.com\/\",\"name\":\"Qualintra 360\",\"description\":\"\",\"publisher\":{\"@id\":\"https:\/\/360.qualintra.com\/#organization\"},\"potentialAction\":[{\"@type\":\"SearchAction\",\"target\":{\"@type\":\"EntryPoint\",\"urlTemplate\":\"https:\/\/360.qualintra.com\/?s={search_term_string}\"},\"query-input\":{\"@type\":\"PropertyValueSpecification\",\"valueRequired\":true,\"valueName\":\"search_term_string\"}}],\"inLanguage\":\"en-GB\"},{\"@type\":\"Organization\",\"@id\":\"https:\/\/360.qualintra.com\/#organization\",\"name\":\"Qualintra 360\",\"url\":\"https:\/\/360.qualintra.com\/\",\"logo\":{\"@type\":\"ImageObject\",\"inLanguage\":\"en-GB\",\"@id\":\"https:\/\/360.qualintra.com\/#\/schema\/logo\/image\/\",\"url\":\"https:\/\/360.qualintra.com\/wp-content\/uploads\/2024\/09\/logo-qualintra.png\",\"contentUrl\":\"https:\/\/360.qualintra.com\/wp-content\/uploads\/2024\/09\/logo-qualintra.png\",\"width\":1180,\"height\":232,\"caption\":\"Qualintra 360\"},\"image\":{\"@id\":\"https:\/\/360.qualintra.com\/#\/schema\/logo\/image\/\"}}]}<\/script>\n<!-- \/ Yoast SEO plugin. -->","yoast_head_json":{"title":"360\u00b0 Expert - Qualintra 360","robots":{"index":"index","follow":"follow","max-snippet":"max-snippet:-1","max-image-preview":"max-image-preview:large","max-video-preview":"max-video-preview:-1"},"canonical":"https:\/\/360.qualintra.com\/en\/product\/360-expert\/","og_locale":"en_GB","og_type":"article","og_title":"360\u00b0 Expert - Qualintra 360","og_description":"360\u00b0 Feedback\u00a0: Expert m\u00e9tier Population concern\u00e9e et objectifs Cet outil de feedback 360\u00b0 permet de mesurer les comp\u00e9tences attendues d\u2019un expert dans son m\u00e9tier. Il peut s\u2019agir d\u2019un expert op\u00e9rationnel (chercheur, sp\u00e9cialiste des transport et douanes dans une entreprise de grande distribution, responsable des risques nucl\u00e9aires dans une compagnie d\u2019assurance par exemple, responsable grands comptes) [&hellip;]","og_url":"https:\/\/360.qualintra.com\/en\/product\/360-expert\/","og_site_name":"Qualintra 360","article_modified_time":"2024-12-09T20:31:10+00:00","og_image":[{"width":96,"height":96,"url":"https:\/\/360.qualintra.com\/wp-content\/uploads\/2024\/10\/image.png","type":"image\/png"}],"twitter_card":"summary_large_image","twitter_misc":{"Estimated reading time":"2 minutes"},"schema":{"@context":"https:\/\/schema.org","@graph":[{"@type":"WebPage","@id":"https:\/\/360.qualintra.com\/produit\/360-expert\/","url":"https:\/\/360.qualintra.com\/produit\/360-expert\/","name":"360\u00b0 Expert - Qualintra 360","isPartOf":{"@id":"https:\/\/360.qualintra.com\/#website"},"primaryImageOfPage":{"@id":"https:\/\/360.qualintra.com\/produit\/360-expert\/#primaryimage"},"image":{"@id":"https:\/\/360.qualintra.com\/produit\/360-expert\/#primaryimage"},"thumbnailUrl":"https:\/\/360.qualintra.com\/wp-content\/uploads\/2024\/10\/image.png","datePublished":"2024-10-17T00:25:52+00:00","dateModified":"2024-12-09T20:31:10+00:00","breadcrumb":{"@id":"https:\/\/360.qualintra.com\/produit\/360-expert\/#breadcrumb"},"inLanguage":"en-GB","potentialAction":[{"@type":"ReadAction","target":["https:\/\/360.qualintra.com\/produit\/360-expert\/"]}]},{"@type":"ImageObject","inLanguage":"en-GB","@id":"https:\/\/360.qualintra.com\/produit\/360-expert\/#primaryimage","url":"https:\/\/360.qualintra.com\/wp-content\/uploads\/2024\/10\/image.png","contentUrl":"https:\/\/360.qualintra.com\/wp-content\/uploads\/2024\/10\/image.png","width":96,"height":96},{"@type":"BreadcrumbList","@id":"https:\/\/360.qualintra.com\/produit\/360-expert\/#breadcrumb","itemListElement":[{"@type":"ListItem","position":1,"name":"Accueil","item":"https:\/\/360.qualintra.com\/"},{"@type":"ListItem","position":2,"name":"eShop","item":"https:\/\/360.qualintra.com\/boutique\/"},{"@type":"ListItem","position":3,"name":"360\u00b0 Expert"}]},{"@type":"WebSite","@id":"https:\/\/360.qualintra.com\/#website","url":"https:\/\/360.qualintra.com\/","name":"Qualintra 360","description":"","publisher":{"@id":"https:\/\/360.qualintra.com\/#organization"},"potentialAction":[{"@type":"SearchAction","target":{"@type":"EntryPoint","urlTemplate":"https:\/\/360.qualintra.com\/?s={search_term_string}"},"query-input":{"@type":"PropertyValueSpecification","valueRequired":true,"valueName":"search_term_string"}}],"inLanguage":"en-GB"},{"@type":"Organization","@id":"https:\/\/360.qualintra.com\/#organization","name":"Qualintra 360","url":"https:\/\/360.qualintra.com\/","logo":{"@type":"ImageObject","inLanguage":"en-GB","@id":"https:\/\/360.qualintra.com\/#\/schema\/logo\/image\/","url":"https:\/\/360.qualintra.com\/wp-content\/uploads\/2024\/09\/logo-qualintra.png","contentUrl":"https:\/\/360.qualintra.com\/wp-content\/uploads\/2024\/09\/logo-qualintra.png","width":1180,"height":232,"caption":"Qualintra 360"},"image":{"@id":"https:\/\/360.qualintra.com\/#\/schema\/logo\/image\/"}}]}},"_links":{"self":[{"href":"https:\/\/360.qualintra.com\/en\/wp-json\/wp\/v2\/product\/410","targetHints":{"allow":["GET"]}}],"collection":[{"href":"https:\/\/360.qualintra.com\/en\/wp-json\/wp\/v2\/product"}],"about":[{"href":"https:\/\/360.qualintra.com\/en\/wp-json\/wp\/v2\/types\/product"}],"wp:featuredmedia":[{"embeddable":true,"href":"https:\/\/360.qualintra.com\/en\/wp-json\/wp\/v2\/media\/411"}],"wp:attachment":[{"href":"https:\/\/360.qualintra.com\/en\/wp-json\/wp\/v2\/media?parent=410"}],"wp:term":[{"taxonomy":"product_brand","embeddable":true,"href":"https:\/\/360.qualintra.com\/en\/wp-json\/wp\/v2\/product_brand?post=410"},{"taxonomy":"product_cat","embeddable":true,"href":"https:\/\/360.qualintra.com\/en\/wp-json\/wp\/v2\/product_cat?post=410"},{"taxonomy":"product_tag","embeddable":true,"href":"https:\/\/360.qualintra.com\/en\/wp-json\/wp\/v2\/product_tag?post=410"}],"curies":[{"name":"wp","href":"https:\/\/api.w.org\/{rel}","templated":true}]}}