{"id":778,"date":"2024-10-24T01:20:19","date_gmt":"2024-10-23T23:20:19","guid":{"rendered":"https:\/\/360.qualintra.com\/?post_type=product&#038;p=778"},"modified":"2024-12-09T21:30:52","modified_gmt":"2024-12-09T20:30:52","slug":"360-operational-manager","status":"publish","type":"product","link":"https:\/\/360.qualintra.com\/en\/product\/360-operational-manager\/","title":{"rendered":"360\u00b0 Operational Manager"},"content":{"rendered":"<h2><strong>360\u00b0 Feedback: Operational manager<\/strong><\/h2>\n<h3>Target population and objectives<\/h3>\n<p>This 360\u00b0 programme is aimed at operational managers, responsible for a team that may be made up of individual contributors and\/or managers.<\/p>\n<p>This 360\u00b0 feedback tool highlights the strengths they can build on in their day-to-day work, and the behaviours and skills they need to reinforce to perform their role even better.<\/p>\n<h3>Presentation of the model<\/h3>\n<p>The 360\u00b0 questionnaire is based on the most recent observations and research on the skills required by an operational manager. It is based on the Qualintra database, which is constantly being enhanced in line with the projects we carry out for our customers.<\/p>\n<p>The questionnaire is organised around 3 families of skills: managing the team, interacting effectively and inspiring people.<\/p>\n<p><img fetchpriority=\"high\" decoding=\"async\" id=\"img100\" src=\"https:\/\/shop.qualintra.com\/Shop\/image.ashx?qs=E6F03295CACAF49B8E5727F6572D57A34A3DE6D70E8702CA38D9747293A8746B2EEACF82D8E0613DBDA12517F7FA02450310CD871CD022D7FA810EEA5597668B8C61B45A6A4E795097C6CEF8E1D75194D4214F53CA7EF81E936AA79AE2960B79\" width=\"870\" height=\"513\" \/><\/p>\n<p>Each family is broken down into several questions. Each question assesses an observable behaviour on a six-point scale: completely agree, agree, tend to agree, tend to disagree, disagree, completely disagree. Two open-ended questions at the end of the questionnaire allow participants to express themselves freely on the strengths and areas for improvement that they see in the person being assessed. These comments feed into the analysis of the figures and provide valuable material for interpreting the results. The scores are expressed on a scale of 1 to 6.<\/p>\n<h3>Points of attention for coaches<\/h3>\n<p>This questionnaire is aimed at middle managers. It is therefore necessary to have a good understanding of the environment and the scope of the appraisee to be sure of using a relevant 360\u00b0 feedback questionnaire.<\/p>","protected":false},"excerpt":{"rendered":"<p>360\u00b0 Feedback\u00a0: Manager op\u00e9rationnel Population concern\u00e9e et objectifs Ce 360\u00b0 s\u2019adresse \u00e0 des managers op\u00e9rationnels, responsables d\u2019une \u00e9quipe qui peut \u00eatre compos\u00e9e de contributeurs individuels et \/ ou de managers. Cet outil de feedback 360\u00b0 permet de mettre en \u00e9vidence les points forts sur lesquels ils peuvent s\u2019appuyer dans leur travail au quotidien et les [&hellip;]<\/p>","protected":false},"featured_media":411,"template":"","meta":[],"product_brand":[],"product_cat":[15],"product_tag":[],"class_list":{"0":"post-778","1":"product","2":"type-product","3":"status-publish","4":"has-post-thumbnail","6":"product_cat-non-classe","8":"first","9":"instock","10":"virtual","11":"taxable","12":"purchasable","13":"product-type-simple"},"yoast_head":"<!-- This site is optimized with the Yoast SEO plugin v26.6 - https:\/\/yoast.com\/wordpress\/plugins\/seo\/ -->\n<title>360\u00b0 Manager op\u00e9rationnel - Qualintra 360<\/title>\n<meta name=\"robots\" content=\"index, follow, max-snippet:-1, max-image-preview:large, max-video-preview:-1\" \/>\n<link rel=\"canonical\" href=\"https:\/\/360.qualintra.com\/en\/product\/360-operational-manager\/\" \/>\n<meta property=\"og:locale\" content=\"en_GB\" \/>\n<meta property=\"og:type\" content=\"article\" \/>\n<meta property=\"og:title\" content=\"360\u00b0 Manager op\u00e9rationnel - Qualintra 360\" \/>\n<meta property=\"og:description\" content=\"360\u00b0 Feedback\u00a0: Manager op\u00e9rationnel Population concern\u00e9e et objectifs Ce 360\u00b0 s\u2019adresse \u00e0 des managers op\u00e9rationnels, responsables d\u2019une \u00e9quipe qui peut \u00eatre compos\u00e9e de contributeurs individuels et \/ ou de managers. Cet outil de feedback 360\u00b0 permet de mettre en \u00e9vidence les points forts sur lesquels ils peuvent s\u2019appuyer dans leur travail au quotidien et les [&hellip;]\" \/>\n<meta property=\"og:url\" content=\"https:\/\/360.qualintra.com\/en\/product\/360-operational-manager\/\" \/>\n<meta property=\"og:site_name\" content=\"Qualintra 360\" \/>\n<meta property=\"article:modified_time\" content=\"2024-12-09T20:30:52+00:00\" \/>\n<meta property=\"og:image\" content=\"https:\/\/360.qualintra.com\/wp-content\/uploads\/2024\/10\/image.png\" \/>\n\t<meta property=\"og:image:width\" content=\"96\" \/>\n\t<meta property=\"og:image:height\" content=\"96\" \/>\n\t<meta property=\"og:image:type\" content=\"image\/png\" \/>\n<meta name=\"twitter:card\" content=\"summary_large_image\" \/>\n<meta name=\"twitter:label1\" content=\"Estimated reading time\" \/>\n\t<meta name=\"twitter:data1\" content=\"2 minutes\" \/>\n<script type=\"application\/ld+json\" class=\"yoast-schema-graph\">{\"@context\":\"https:\/\/schema.org\",\"@graph\":[{\"@type\":\"WebPage\",\"@id\":\"https:\/\/360.qualintra.com\/produit\/360-manager-operationnel\/\",\"url\":\"https:\/\/360.qualintra.com\/produit\/360-manager-operationnel\/\",\"name\":\"360\u00b0 Manager op\u00e9rationnel - Qualintra 360\",\"isPartOf\":{\"@id\":\"https:\/\/360.qualintra.com\/#website\"},\"primaryImageOfPage\":{\"@id\":\"https:\/\/360.qualintra.com\/produit\/360-manager-operationnel\/#primaryimage\"},\"image\":{\"@id\":\"https:\/\/360.qualintra.com\/produit\/360-manager-operationnel\/#primaryimage\"},\"thumbnailUrl\":\"https:\/\/360.qualintra.com\/wp-content\/uploads\/2024\/10\/image.png\",\"datePublished\":\"2024-10-23T23:20:19+00:00\",\"dateModified\":\"2024-12-09T20:30:52+00:00\",\"breadcrumb\":{\"@id\":\"https:\/\/360.qualintra.com\/produit\/360-manager-operationnel\/#breadcrumb\"},\"inLanguage\":\"en-GB\",\"potentialAction\":[{\"@type\":\"ReadAction\",\"target\":[\"https:\/\/360.qualintra.com\/produit\/360-manager-operationnel\/\"]}]},{\"@type\":\"ImageObject\",\"inLanguage\":\"en-GB\",\"@id\":\"https:\/\/360.qualintra.com\/produit\/360-manager-operationnel\/#primaryimage\",\"url\":\"https:\/\/360.qualintra.com\/wp-content\/uploads\/2024\/10\/image.png\",\"contentUrl\":\"https:\/\/360.qualintra.com\/wp-content\/uploads\/2024\/10\/image.png\",\"width\":96,\"height\":96},{\"@type\":\"BreadcrumbList\",\"@id\":\"https:\/\/360.qualintra.com\/produit\/360-manager-operationnel\/#breadcrumb\",\"itemListElement\":[{\"@type\":\"ListItem\",\"position\":1,\"name\":\"Accueil\",\"item\":\"https:\/\/360.qualintra.com\/\"},{\"@type\":\"ListItem\",\"position\":2,\"name\":\"eShop\",\"item\":\"https:\/\/360.qualintra.com\/boutique\/\"},{\"@type\":\"ListItem\",\"position\":3,\"name\":\"360\u00b0 Manager op\u00e9rationnel\"}]},{\"@type\":\"WebSite\",\"@id\":\"https:\/\/360.qualintra.com\/#website\",\"url\":\"https:\/\/360.qualintra.com\/\",\"name\":\"Qualintra 360\",\"description\":\"\",\"publisher\":{\"@id\":\"https:\/\/360.qualintra.com\/#organization\"},\"potentialAction\":[{\"@type\":\"SearchAction\",\"target\":{\"@type\":\"EntryPoint\",\"urlTemplate\":\"https:\/\/360.qualintra.com\/?s={search_term_string}\"},\"query-input\":{\"@type\":\"PropertyValueSpecification\",\"valueRequired\":true,\"valueName\":\"search_term_string\"}}],\"inLanguage\":\"en-GB\"},{\"@type\":\"Organization\",\"@id\":\"https:\/\/360.qualintra.com\/#organization\",\"name\":\"Qualintra 360\",\"url\":\"https:\/\/360.qualintra.com\/\",\"logo\":{\"@type\":\"ImageObject\",\"inLanguage\":\"en-GB\",\"@id\":\"https:\/\/360.qualintra.com\/#\/schema\/logo\/image\/\",\"url\":\"https:\/\/360.qualintra.com\/wp-content\/uploads\/2024\/09\/logo-qualintra.png\",\"contentUrl\":\"https:\/\/360.qualintra.com\/wp-content\/uploads\/2024\/09\/logo-qualintra.png\",\"width\":1180,\"height\":232,\"caption\":\"Qualintra 360\"},\"image\":{\"@id\":\"https:\/\/360.qualintra.com\/#\/schema\/logo\/image\/\"}}]}<\/script>\n<!-- \/ Yoast SEO plugin. -->","yoast_head_json":{"title":"360\u00b0 Operational Manager - Qualintra 360","robots":{"index":"index","follow":"follow","max-snippet":"max-snippet:-1","max-image-preview":"max-image-preview:large","max-video-preview":"max-video-preview:-1"},"canonical":"https:\/\/360.qualintra.com\/en\/product\/360-operational-manager\/","og_locale":"en_GB","og_type":"article","og_title":"360\u00b0 Manager op\u00e9rationnel - Qualintra 360","og_description":"360\u00b0 Feedback\u00a0: Manager op\u00e9rationnel Population concern\u00e9e et objectifs Ce 360\u00b0 s\u2019adresse \u00e0 des managers op\u00e9rationnels, responsables d\u2019une \u00e9quipe qui peut \u00eatre compos\u00e9e de contributeurs individuels et \/ ou de managers. Cet outil de feedback 360\u00b0 permet de mettre en \u00e9vidence les points forts sur lesquels ils peuvent s\u2019appuyer dans leur travail au quotidien et les [&hellip;]","og_url":"https:\/\/360.qualintra.com\/en\/product\/360-operational-manager\/","og_site_name":"Qualintra 360","article_modified_time":"2024-12-09T20:30:52+00:00","og_image":[{"width":96,"height":96,"url":"https:\/\/360.qualintra.com\/wp-content\/uploads\/2024\/10\/image.png","type":"image\/png"}],"twitter_card":"summary_large_image","twitter_misc":{"Estimated reading time":"2 minutes"},"schema":{"@context":"https:\/\/schema.org","@graph":[{"@type":"WebPage","@id":"https:\/\/360.qualintra.com\/produit\/360-manager-operationnel\/","url":"https:\/\/360.qualintra.com\/produit\/360-manager-operationnel\/","name":"360\u00b0 Operational Manager - Qualintra 360","isPartOf":{"@id":"https:\/\/360.qualintra.com\/#website"},"primaryImageOfPage":{"@id":"https:\/\/360.qualintra.com\/produit\/360-manager-operationnel\/#primaryimage"},"image":{"@id":"https:\/\/360.qualintra.com\/produit\/360-manager-operationnel\/#primaryimage"},"thumbnailUrl":"https:\/\/360.qualintra.com\/wp-content\/uploads\/2024\/10\/image.png","datePublished":"2024-10-23T23:20:19+00:00","dateModified":"2024-12-09T20:30:52+00:00","breadcrumb":{"@id":"https:\/\/360.qualintra.com\/produit\/360-manager-operationnel\/#breadcrumb"},"inLanguage":"en-GB","potentialAction":[{"@type":"ReadAction","target":["https:\/\/360.qualintra.com\/produit\/360-manager-operationnel\/"]}]},{"@type":"ImageObject","inLanguage":"en-GB","@id":"https:\/\/360.qualintra.com\/produit\/360-manager-operationnel\/#primaryimage","url":"https:\/\/360.qualintra.com\/wp-content\/uploads\/2024\/10\/image.png","contentUrl":"https:\/\/360.qualintra.com\/wp-content\/uploads\/2024\/10\/image.png","width":96,"height":96},{"@type":"BreadcrumbList","@id":"https:\/\/360.qualintra.com\/produit\/360-manager-operationnel\/#breadcrumb","itemListElement":[{"@type":"ListItem","position":1,"name":"Accueil","item":"https:\/\/360.qualintra.com\/"},{"@type":"ListItem","position":2,"name":"eShop","item":"https:\/\/360.qualintra.com\/boutique\/"},{"@type":"ListItem","position":3,"name":"360\u00b0 Manager op\u00e9rationnel"}]},{"@type":"WebSite","@id":"https:\/\/360.qualintra.com\/#website","url":"https:\/\/360.qualintra.com\/","name":"Qualintra 360","description":"","publisher":{"@id":"https:\/\/360.qualintra.com\/#organization"},"potentialAction":[{"@type":"SearchAction","target":{"@type":"EntryPoint","urlTemplate":"https:\/\/360.qualintra.com\/?s={search_term_string}"},"query-input":{"@type":"PropertyValueSpecification","valueRequired":true,"valueName":"search_term_string"}}],"inLanguage":"en-GB"},{"@type":"Organization","@id":"https:\/\/360.qualintra.com\/#organization","name":"Qualintra 360","url":"https:\/\/360.qualintra.com\/","logo":{"@type":"ImageObject","inLanguage":"en-GB","@id":"https:\/\/360.qualintra.com\/#\/schema\/logo\/image\/","url":"https:\/\/360.qualintra.com\/wp-content\/uploads\/2024\/09\/logo-qualintra.png","contentUrl":"https:\/\/360.qualintra.com\/wp-content\/uploads\/2024\/09\/logo-qualintra.png","width":1180,"height":232,"caption":"Qualintra 360"},"image":{"@id":"https:\/\/360.qualintra.com\/#\/schema\/logo\/image\/"}}]}},"_links":{"self":[{"href":"https:\/\/360.qualintra.com\/en\/wp-json\/wp\/v2\/product\/778","targetHints":{"allow":["GET"]}}],"collection":[{"href":"https:\/\/360.qualintra.com\/en\/wp-json\/wp\/v2\/product"}],"about":[{"href":"https:\/\/360.qualintra.com\/en\/wp-json\/wp\/v2\/types\/product"}],"wp:featuredmedia":[{"embeddable":true,"href":"https:\/\/360.qualintra.com\/en\/wp-json\/wp\/v2\/media\/411"}],"wp:attachment":[{"href":"https:\/\/360.qualintra.com\/en\/wp-json\/wp\/v2\/media?parent=778"}],"wp:term":[{"taxonomy":"product_brand","embeddable":true,"href":"https:\/\/360.qualintra.com\/en\/wp-json\/wp\/v2\/product_brand?post=778"},{"taxonomy":"product_cat","embeddable":true,"href":"https:\/\/360.qualintra.com\/en\/wp-json\/wp\/v2\/product_cat?post=778"},{"taxonomy":"product_tag","embeddable":true,"href":"https:\/\/360.qualintra.com\/en\/wp-json\/wp\/v2\/product_tag?post=778"}],"curies":[{"name":"wp","href":"https:\/\/api.w.org\/{rel}","templated":true}]}}