{"id":779,"date":"2024-10-24T01:21:01","date_gmt":"2024-10-23T23:21:01","guid":{"rendered":"https:\/\/360.qualintra.com\/?post_type=product&#038;p=779"},"modified":"2024-12-09T21:30:23","modified_gmt":"2024-12-09T20:30:23","slug":"360-senior-manager","status":"publish","type":"product","link":"https:\/\/360.qualintra.com\/en\/product\/360-senior-manager\/","title":{"rendered":"360\u00b0 Executive"},"content":{"rendered":"<h2><strong>360\u00b0 Feedback : Executive<\/strong><\/h2>\n<h3>Target population and objectives<\/h3>\n<p>This 360\u00b0 programme is aimed at executives and senior managers. These are executives who lead teams, often made up of managers, in fast-changing environments.<\/p>\n<p>This feedback tool measures their leadership skills to highlight the strengths they can build on in their day-to-day management and the behaviours and skills they need to strengthen to perform their role even better.<\/p>\n<h3>Presentation of the model<\/h3>\n<p>The 360\u00b0 questionnaire is based on the most recent observations and research on the leadership skills required to hold this level of responsibility. It is based on the Qualintra database, which is constantly being enhanced in line with the projects we carry out for our customers.<\/p>\n<p>The questionnaire is organised around 4 families of skills: Getting things moving,<br \/>\nManaging complexity,<br \/>\nAnticipating and innovating,<br \/>\nInteract effectively and intelligently<\/p>\n<p>Scores are expressed on a scale of 1 to 6.<\/p>\n<p><img fetchpriority=\"high\" decoding=\"async\" id=\"img104\" src=\"https:\/\/shop.qualintra.com\/Shop\/image.ashx?qs=E6F03295CACAF49BA004ED5E6903A1617072DC1A184D31D2F13BE9226ADF3DA2EDB0EFD5E78102CE67A4810FCA7C6B278A70F067958F818389DFA8ADF23F3D9A91A6F5570C539CE76A5377AF62E1F1054601446BCB46F284A40F3067F382A46C\" width=\"879\" height=\"504\" \/><\/p>\n<p>Each family is broken down into skills, and each skill is described in the form of several questions. Each question assesses an observable behaviour on a six-point scale: completely agree, agree, tend to agree, tend to disagree, disagree, completely disagree. Two open-ended questions at the end of the questionnaire allow participants to express themselves freely on the strengths and areas for improvement that they see in the person being assessed. These comments feed into the analysis of the figures and provide valuable material for interpreting the results.<\/p>\n<h3>Points of attention for coaches<\/h3>\n<p>This questionnaire is aimed at a very senior target group. The assessments of certain behaviours that involve the participant, such as innovating or interacting, may go beyond the professional sphere to resonate more deeply in emotional spheres linked to personality. Depending on the individual, the emotional charge can be strong and reactions of denial cannot be ruled out. The 360\u00b0 debriefing therefore requires a high level of sensitivity and empathy. It should be carried out by experienced coaches.<\/p>","protected":false},"excerpt":{"rendered":"<p>360\u00b0 Feedback : Executive Population concern\u00e9e et objectifs Ce 360\u00b0 s\u2019adresse \u00e0 des dirigeants et des senior managers. Il s\u2019agit de cadres amen\u00e9s \u00e0 diriger des \u00e9quipes souvent constitu\u00e9es de managers, dans des environnements en forte \u00e9volution. Cet outil de feedback permet de mesurer leurs comp\u00e9tences de leadership afin de mettre en \u00e9vidence les points [&hellip;]<\/p>","protected":false},"featured_media":411,"template":"","meta":[],"product_brand":[],"product_cat":[15],"product_tag":[],"class_list":{"0":"post-779","1":"product","2":"type-product","3":"status-publish","4":"has-post-thumbnail","6":"product_cat-non-classe","8":"first","9":"instock","10":"virtual","11":"taxable","12":"purchasable","13":"product-type-simple"},"yoast_head":"<!-- This site is optimized with the Yoast SEO plugin v26.6 - https:\/\/yoast.com\/wordpress\/plugins\/seo\/ -->\n<title>360\u00b0 Executive - Qualintra 360<\/title>\n<meta name=\"robots\" content=\"index, follow, max-snippet:-1, max-image-preview:large, max-video-preview:-1\" \/>\n<link rel=\"canonical\" href=\"https:\/\/360.qualintra.com\/en\/product\/360-senior-manager\/\" \/>\n<meta property=\"og:locale\" content=\"en_GB\" \/>\n<meta property=\"og:type\" content=\"article\" \/>\n<meta property=\"og:title\" content=\"360\u00b0 Executive - Qualintra 360\" \/>\n<meta property=\"og:description\" content=\"360\u00b0 Feedback : Executive Population concern\u00e9e et objectifs Ce 360\u00b0 s\u2019adresse \u00e0 des dirigeants et des senior managers. Il s\u2019agit de cadres amen\u00e9s \u00e0 diriger des \u00e9quipes souvent constitu\u00e9es de managers, dans des environnements en forte \u00e9volution. Cet outil de feedback permet de mesurer leurs comp\u00e9tences de leadership afin de mettre en \u00e9vidence les points [&hellip;]\" \/>\n<meta property=\"og:url\" content=\"https:\/\/360.qualintra.com\/en\/product\/360-senior-manager\/\" \/>\n<meta property=\"og:site_name\" content=\"Qualintra 360\" \/>\n<meta property=\"article:modified_time\" content=\"2024-12-09T20:30:23+00:00\" \/>\n<meta property=\"og:image\" content=\"https:\/\/360.qualintra.com\/wp-content\/uploads\/2024\/10\/image.png\" \/>\n\t<meta property=\"og:image:width\" content=\"96\" \/>\n\t<meta property=\"og:image:height\" content=\"96\" \/>\n\t<meta property=\"og:image:type\" content=\"image\/png\" \/>\n<meta name=\"twitter:card\" content=\"summary_large_image\" \/>\n<meta name=\"twitter:label1\" content=\"Estimated reading time\" \/>\n\t<meta name=\"twitter:data1\" content=\"2 minutes\" \/>\n<script type=\"application\/ld+json\" class=\"yoast-schema-graph\">{\"@context\":\"https:\/\/schema.org\",\"@graph\":[{\"@type\":\"WebPage\",\"@id\":\"https:\/\/360.qualintra.com\/produit\/360-senior-manager\/\",\"url\":\"https:\/\/360.qualintra.com\/produit\/360-senior-manager\/\",\"name\":\"360\u00b0 Executive - Qualintra 360\",\"isPartOf\":{\"@id\":\"https:\/\/360.qualintra.com\/#website\"},\"primaryImageOfPage\":{\"@id\":\"https:\/\/360.qualintra.com\/produit\/360-senior-manager\/#primaryimage\"},\"image\":{\"@id\":\"https:\/\/360.qualintra.com\/produit\/360-senior-manager\/#primaryimage\"},\"thumbnailUrl\":\"https:\/\/360.qualintra.com\/wp-content\/uploads\/2024\/10\/image.png\",\"datePublished\":\"2024-10-23T23:21:01+00:00\",\"dateModified\":\"2024-12-09T20:30:23+00:00\",\"breadcrumb\":{\"@id\":\"https:\/\/360.qualintra.com\/produit\/360-senior-manager\/#breadcrumb\"},\"inLanguage\":\"en-GB\",\"potentialAction\":[{\"@type\":\"ReadAction\",\"target\":[\"https:\/\/360.qualintra.com\/produit\/360-senior-manager\/\"]}]},{\"@type\":\"ImageObject\",\"inLanguage\":\"en-GB\",\"@id\":\"https:\/\/360.qualintra.com\/produit\/360-senior-manager\/#primaryimage\",\"url\":\"https:\/\/360.qualintra.com\/wp-content\/uploads\/2024\/10\/image.png\",\"contentUrl\":\"https:\/\/360.qualintra.com\/wp-content\/uploads\/2024\/10\/image.png\",\"width\":96,\"height\":96},{\"@type\":\"BreadcrumbList\",\"@id\":\"https:\/\/360.qualintra.com\/produit\/360-senior-manager\/#breadcrumb\",\"itemListElement\":[{\"@type\":\"ListItem\",\"position\":1,\"name\":\"Accueil\",\"item\":\"https:\/\/360.qualintra.com\/\"},{\"@type\":\"ListItem\",\"position\":2,\"name\":\"eShop\",\"item\":\"https:\/\/360.qualintra.com\/boutique\/\"},{\"@type\":\"ListItem\",\"position\":3,\"name\":\"360\u00b0 Executive\"}]},{\"@type\":\"WebSite\",\"@id\":\"https:\/\/360.qualintra.com\/#website\",\"url\":\"https:\/\/360.qualintra.com\/\",\"name\":\"Qualintra 360\",\"description\":\"\",\"publisher\":{\"@id\":\"https:\/\/360.qualintra.com\/#organization\"},\"potentialAction\":[{\"@type\":\"SearchAction\",\"target\":{\"@type\":\"EntryPoint\",\"urlTemplate\":\"https:\/\/360.qualintra.com\/?s={search_term_string}\"},\"query-input\":{\"@type\":\"PropertyValueSpecification\",\"valueRequired\":true,\"valueName\":\"search_term_string\"}}],\"inLanguage\":\"en-GB\"},{\"@type\":\"Organization\",\"@id\":\"https:\/\/360.qualintra.com\/#organization\",\"name\":\"Qualintra 360\",\"url\":\"https:\/\/360.qualintra.com\/\",\"logo\":{\"@type\":\"ImageObject\",\"inLanguage\":\"en-GB\",\"@id\":\"https:\/\/360.qualintra.com\/#\/schema\/logo\/image\/\",\"url\":\"https:\/\/360.qualintra.com\/wp-content\/uploads\/2024\/09\/logo-qualintra.png\",\"contentUrl\":\"https:\/\/360.qualintra.com\/wp-content\/uploads\/2024\/09\/logo-qualintra.png\",\"width\":1180,\"height\":232,\"caption\":\"Qualintra 360\"},\"image\":{\"@id\":\"https:\/\/360.qualintra.com\/#\/schema\/logo\/image\/\"}}]}<\/script>\n<!-- \/ Yoast SEO plugin. -->","yoast_head_json":{"title":"360\u00b0 Executive - Qualintra 360","robots":{"index":"index","follow":"follow","max-snippet":"max-snippet:-1","max-image-preview":"max-image-preview:large","max-video-preview":"max-video-preview:-1"},"canonical":"https:\/\/360.qualintra.com\/en\/product\/360-senior-manager\/","og_locale":"en_GB","og_type":"article","og_title":"360\u00b0 Executive - Qualintra 360","og_description":"360\u00b0 Feedback : Executive Population concern\u00e9e et objectifs Ce 360\u00b0 s\u2019adresse \u00e0 des dirigeants et des senior managers. Il s\u2019agit de cadres amen\u00e9s \u00e0 diriger des \u00e9quipes souvent constitu\u00e9es de managers, dans des environnements en forte \u00e9volution. Cet outil de feedback permet de mesurer leurs comp\u00e9tences de leadership afin de mettre en \u00e9vidence les points [&hellip;]","og_url":"https:\/\/360.qualintra.com\/en\/product\/360-senior-manager\/","og_site_name":"Qualintra 360","article_modified_time":"2024-12-09T20:30:23+00:00","og_image":[{"width":96,"height":96,"url":"https:\/\/360.qualintra.com\/wp-content\/uploads\/2024\/10\/image.png","type":"image\/png"}],"twitter_card":"summary_large_image","twitter_misc":{"Estimated reading time":"2 minutes"},"schema":{"@context":"https:\/\/schema.org","@graph":[{"@type":"WebPage","@id":"https:\/\/360.qualintra.com\/produit\/360-senior-manager\/","url":"https:\/\/360.qualintra.com\/produit\/360-senior-manager\/","name":"360\u00b0 Executive - Qualintra 360","isPartOf":{"@id":"https:\/\/360.qualintra.com\/#website"},"primaryImageOfPage":{"@id":"https:\/\/360.qualintra.com\/produit\/360-senior-manager\/#primaryimage"},"image":{"@id":"https:\/\/360.qualintra.com\/produit\/360-senior-manager\/#primaryimage"},"thumbnailUrl":"https:\/\/360.qualintra.com\/wp-content\/uploads\/2024\/10\/image.png","datePublished":"2024-10-23T23:21:01+00:00","dateModified":"2024-12-09T20:30:23+00:00","breadcrumb":{"@id":"https:\/\/360.qualintra.com\/produit\/360-senior-manager\/#breadcrumb"},"inLanguage":"en-GB","potentialAction":[{"@type":"ReadAction","target":["https:\/\/360.qualintra.com\/produit\/360-senior-manager\/"]}]},{"@type":"ImageObject","inLanguage":"en-GB","@id":"https:\/\/360.qualintra.com\/produit\/360-senior-manager\/#primaryimage","url":"https:\/\/360.qualintra.com\/wp-content\/uploads\/2024\/10\/image.png","contentUrl":"https:\/\/360.qualintra.com\/wp-content\/uploads\/2024\/10\/image.png","width":96,"height":96},{"@type":"BreadcrumbList","@id":"https:\/\/360.qualintra.com\/produit\/360-senior-manager\/#breadcrumb","itemListElement":[{"@type":"ListItem","position":1,"name":"Accueil","item":"https:\/\/360.qualintra.com\/"},{"@type":"ListItem","position":2,"name":"eShop","item":"https:\/\/360.qualintra.com\/boutique\/"},{"@type":"ListItem","position":3,"name":"360\u00b0 Executive"}]},{"@type":"WebSite","@id":"https:\/\/360.qualintra.com\/#website","url":"https:\/\/360.qualintra.com\/","name":"Qualintra 360","description":"","publisher":{"@id":"https:\/\/360.qualintra.com\/#organization"},"potentialAction":[{"@type":"SearchAction","target":{"@type":"EntryPoint","urlTemplate":"https:\/\/360.qualintra.com\/?s={search_term_string}"},"query-input":{"@type":"PropertyValueSpecification","valueRequired":true,"valueName":"search_term_string"}}],"inLanguage":"en-GB"},{"@type":"Organization","@id":"https:\/\/360.qualintra.com\/#organization","name":"Qualintra 360","url":"https:\/\/360.qualintra.com\/","logo":{"@type":"ImageObject","inLanguage":"en-GB","@id":"https:\/\/360.qualintra.com\/#\/schema\/logo\/image\/","url":"https:\/\/360.qualintra.com\/wp-content\/uploads\/2024\/09\/logo-qualintra.png","contentUrl":"https:\/\/360.qualintra.com\/wp-content\/uploads\/2024\/09\/logo-qualintra.png","width":1180,"height":232,"caption":"Qualintra 360"},"image":{"@id":"https:\/\/360.qualintra.com\/#\/schema\/logo\/image\/"}}]}},"_links":{"self":[{"href":"https:\/\/360.qualintra.com\/en\/wp-json\/wp\/v2\/product\/779","targetHints":{"allow":["GET"]}}],"collection":[{"href":"https:\/\/360.qualintra.com\/en\/wp-json\/wp\/v2\/product"}],"about":[{"href":"https:\/\/360.qualintra.com\/en\/wp-json\/wp\/v2\/types\/product"}],"wp:featuredmedia":[{"embeddable":true,"href":"https:\/\/360.qualintra.com\/en\/wp-json\/wp\/v2\/media\/411"}],"wp:attachment":[{"href":"https:\/\/360.qualintra.com\/en\/wp-json\/wp\/v2\/media?parent=779"}],"wp:term":[{"taxonomy":"product_brand","embeddable":true,"href":"https:\/\/360.qualintra.com\/en\/wp-json\/wp\/v2\/product_brand?post=779"},{"taxonomy":"product_cat","embeddable":true,"href":"https:\/\/360.qualintra.com\/en\/wp-json\/wp\/v2\/product_cat?post=779"},{"taxonomy":"product_tag","embeddable":true,"href":"https:\/\/360.qualintra.com\/en\/wp-json\/wp\/v2\/product_tag?post=779"}],"curies":[{"name":"wp","href":"https:\/\/api.w.org\/{rel}","templated":true}]}}