{"id":923,"date":"2024-11-14T23:15:54","date_gmt":"2024-11-14T22:15:54","guid":{"rendered":"https:\/\/360.qualintra.com\/?post_type=product&#038;p=923"},"modified":"2024-12-09T21:30:04","modified_gmt":"2024-12-09T20:30:04","slug":"360-manager-transformations","status":"publish","type":"product","link":"https:\/\/360.qualintra.com\/en\/product\/360-manager-transformations\/","title":{"rendered":"360\u00b0 Manager-transformations"},"content":{"rendered":"<h2><strong>360\u00b0 Feedback: Manager-transformations<\/strong><\/h2>\n<h3>Target population and objectives<\/h3>\n<p>This 360\u00b0 Feedback aims to assess the level of mastery of these key skills among senior and middle managers in charge of managing operational transformations.<\/p>\n<p>The aim is to identify their strengths and areas for improvement, so that we can support them in their role as leaders of change.<\/p>\n<h3>Presentation of the model<\/h3>\n<p>The 360\u00b0 questionnaire is based on the most recent observations and research on the leadership skills required to fulfil this level of responsibility.<\/p>\n<p>It has been compiled from the Qualintra database, which is constantly being enriched in line with the projects we carry out for our customers.<\/p>\n<p>The questionnaire is organised around 9 skill families:<\/p>\n<ul>\n<li>Inspiration<\/li>\n<li>Openness to change<\/li>\n<li>Emotional intelligence<\/li>\n<li>Team leadership<\/li>\n<li>Skills development<\/li>\n<li>Results orientation<\/li>\n<li>Personal strength<\/li>\n<li>Cooperation<\/li>\n<li>Managing complexity<\/li>\n<\/ul>\n<p><img fetchpriority=\"high\" decoding=\"async\" id=\"img106\" src=\"https:\/\/shop.qualintra.com\/Shop\/image.ashx?qs=E6F03295CACAF49B1E07C2CFC14CE634BAC537C99D694E82697D5DF282E384D1F314DD939BCDA2042AEF148148B8184296A692972505E9BC5E61D0E9ADFD33B8AE52AC20A1836EDE00F7FD657D295428D09AD59DBBD867B6392FCE308BC9A7D9\" width=\"783\" height=\"345\" \/><\/p>\n<p>Each family is broken down into skills, and each skill is described in the form of several questions.<\/p>\n<p>Each question assesses an observable behaviour on a six-point scale: strongly agree, agree, tend to agree, tend to disagree, disagree, strongly disagree.<\/p>\n<p>Two open questions at the end of the questionnaire allow participants to express themselves freely on the strengths and areas for improvement that they see in the person being assessed.<\/p>\n<p>These comments feed into the analysis of the figures and provide valuable material for interpreting the results.<\/p>\n<p>Scores are expressed on a scale of 1 to 6.<\/p>\n<h3>Points of attention for coaches<\/h3>\n<p>This questionnaire is aimed at a senior and middle target group.<\/p>\n<p>Assessments of certain behaviours that involve the participant, such as innovating or interacting, can go beyond the professional sphere to resonate more deeply in emotional spheres linked to personality.<\/p>\n<p>Depending on the individual, the emotional charge can be strong and reactions of denial cannot be ruled out.<\/p>\n<p>Debriefing this 360\u00b0 event therefore requires a high level of sensitivity and empathy.<\/p>\n<p>It must be carried out by experienced coaches.<\/p>","protected":false},"excerpt":{"rendered":"<p>360\u00b0 Feedback : Manager-transformations Population concern\u00e9e et objectifs Ce Feedback 360 vise \u00e0 \u00e9valuer le niveau de ma\u00eetrise de ces comp\u00e9tences cl\u00e9s chez les managers seniors et Middle en charge de g\u00e9rer des transformations op\u00e9rationnelles. L&rsquo;objectif est d&rsquo;identifier leurs points forts et axes de progr\u00e8s afin de les accompagner au mieux dans leur r\u00f4le de [&hellip;]<\/p>","protected":false},"featured_media":411,"template":"","meta":[],"product_brand":[],"product_cat":[15],"product_tag":[],"class_list":{"0":"post-923","1":"product","2":"type-product","3":"status-publish","4":"has-post-thumbnail","6":"product_cat-non-classe","8":"first","9":"instock","10":"virtual","11":"taxable","12":"purchasable","13":"product-type-simple"},"yoast_head":"<!-- This site is optimized with the Yoast SEO plugin v26.6 - https:\/\/yoast.com\/wordpress\/plugins\/seo\/ -->\n<title>360\u00b0 Manager-transformations - Qualintra 360<\/title>\n<meta name=\"robots\" content=\"index, follow, max-snippet:-1, max-image-preview:large, max-video-preview:-1\" \/>\n<link rel=\"canonical\" href=\"https:\/\/360.qualintra.com\/en\/product\/360-manager-transformations\/\" \/>\n<meta property=\"og:locale\" content=\"en_GB\" \/>\n<meta property=\"og:type\" content=\"article\" \/>\n<meta property=\"og:title\" content=\"360\u00b0 Manager-transformations - Qualintra 360\" \/>\n<meta property=\"og:description\" content=\"360\u00b0 Feedback : Manager-transformations Population concern\u00e9e et objectifs Ce Feedback 360 vise \u00e0 \u00e9valuer le niveau de ma\u00eetrise de ces comp\u00e9tences cl\u00e9s chez les managers seniors et Middle en charge de g\u00e9rer des transformations op\u00e9rationnelles. L&rsquo;objectif est d&rsquo;identifier leurs points forts et axes de progr\u00e8s afin de les accompagner au mieux dans leur r\u00f4le de [&hellip;]\" \/>\n<meta property=\"og:url\" content=\"https:\/\/360.qualintra.com\/en\/product\/360-manager-transformations\/\" \/>\n<meta property=\"og:site_name\" content=\"Qualintra 360\" \/>\n<meta property=\"article:modified_time\" content=\"2024-12-09T20:30:04+00:00\" \/>\n<meta property=\"og:image\" content=\"https:\/\/360.qualintra.com\/wp-content\/uploads\/2024\/10\/image.png\" \/>\n\t<meta property=\"og:image:width\" content=\"96\" \/>\n\t<meta property=\"og:image:height\" content=\"96\" \/>\n\t<meta property=\"og:image:type\" content=\"image\/png\" \/>\n<meta name=\"twitter:card\" content=\"summary_large_image\" \/>\n<meta name=\"twitter:label1\" content=\"Estimated reading time\" \/>\n\t<meta name=\"twitter:data1\" content=\"2 minutes\" \/>\n<script type=\"application\/ld+json\" class=\"yoast-schema-graph\">{\"@context\":\"https:\/\/schema.org\",\"@graph\":[{\"@type\":\"WebPage\",\"@id\":\"https:\/\/360.qualintra.com\/produit\/360-manager-transformations\/\",\"url\":\"https:\/\/360.qualintra.com\/produit\/360-manager-transformations\/\",\"name\":\"360\u00b0 Manager-transformations - Qualintra 360\",\"isPartOf\":{\"@id\":\"https:\/\/360.qualintra.com\/#website\"},\"primaryImageOfPage\":{\"@id\":\"https:\/\/360.qualintra.com\/produit\/360-manager-transformations\/#primaryimage\"},\"image\":{\"@id\":\"https:\/\/360.qualintra.com\/produit\/360-manager-transformations\/#primaryimage\"},\"thumbnailUrl\":\"https:\/\/360.qualintra.com\/wp-content\/uploads\/2024\/10\/image.png\",\"datePublished\":\"2024-11-14T22:15:54+00:00\",\"dateModified\":\"2024-12-09T20:30:04+00:00\",\"breadcrumb\":{\"@id\":\"https:\/\/360.qualintra.com\/produit\/360-manager-transformations\/#breadcrumb\"},\"inLanguage\":\"en-GB\",\"potentialAction\":[{\"@type\":\"ReadAction\",\"target\":[\"https:\/\/360.qualintra.com\/produit\/360-manager-transformations\/\"]}]},{\"@type\":\"ImageObject\",\"inLanguage\":\"en-GB\",\"@id\":\"https:\/\/360.qualintra.com\/produit\/360-manager-transformations\/#primaryimage\",\"url\":\"https:\/\/360.qualintra.com\/wp-content\/uploads\/2024\/10\/image.png\",\"contentUrl\":\"https:\/\/360.qualintra.com\/wp-content\/uploads\/2024\/10\/image.png\",\"width\":96,\"height\":96},{\"@type\":\"BreadcrumbList\",\"@id\":\"https:\/\/360.qualintra.com\/produit\/360-manager-transformations\/#breadcrumb\",\"itemListElement\":[{\"@type\":\"ListItem\",\"position\":1,\"name\":\"Accueil\",\"item\":\"https:\/\/360.qualintra.com\/\"},{\"@type\":\"ListItem\",\"position\":2,\"name\":\"eShop\",\"item\":\"https:\/\/360.qualintra.com\/boutique\/\"},{\"@type\":\"ListItem\",\"position\":3,\"name\":\"360\u00b0 Manager-transformations\"}]},{\"@type\":\"WebSite\",\"@id\":\"https:\/\/360.qualintra.com\/#website\",\"url\":\"https:\/\/360.qualintra.com\/\",\"name\":\"Qualintra 360\",\"description\":\"\",\"publisher\":{\"@id\":\"https:\/\/360.qualintra.com\/#organization\"},\"potentialAction\":[{\"@type\":\"SearchAction\",\"target\":{\"@type\":\"EntryPoint\",\"urlTemplate\":\"https:\/\/360.qualintra.com\/?s={search_term_string}\"},\"query-input\":{\"@type\":\"PropertyValueSpecification\",\"valueRequired\":true,\"valueName\":\"search_term_string\"}}],\"inLanguage\":\"en-GB\"},{\"@type\":\"Organization\",\"@id\":\"https:\/\/360.qualintra.com\/#organization\",\"name\":\"Qualintra 360\",\"url\":\"https:\/\/360.qualintra.com\/\",\"logo\":{\"@type\":\"ImageObject\",\"inLanguage\":\"en-GB\",\"@id\":\"https:\/\/360.qualintra.com\/#\/schema\/logo\/image\/\",\"url\":\"https:\/\/360.qualintra.com\/wp-content\/uploads\/2024\/09\/logo-qualintra.png\",\"contentUrl\":\"https:\/\/360.qualintra.com\/wp-content\/uploads\/2024\/09\/logo-qualintra.png\",\"width\":1180,\"height\":232,\"caption\":\"Qualintra 360\"},\"image\":{\"@id\":\"https:\/\/360.qualintra.com\/#\/schema\/logo\/image\/\"}}]}<\/script>\n<!-- \/ Yoast SEO plugin. -->","yoast_head_json":{"title":"360\u00b0 Manager-transformations - Qualintra 360","robots":{"index":"index","follow":"follow","max-snippet":"max-snippet:-1","max-image-preview":"max-image-preview:large","max-video-preview":"max-video-preview:-1"},"canonical":"https:\/\/360.qualintra.com\/en\/product\/360-manager-transformations\/","og_locale":"en_GB","og_type":"article","og_title":"360\u00b0 Manager-transformations - Qualintra 360","og_description":"360\u00b0 Feedback : Manager-transformations Population concern\u00e9e et objectifs Ce Feedback 360 vise \u00e0 \u00e9valuer le niveau de ma\u00eetrise de ces comp\u00e9tences cl\u00e9s chez les managers seniors et Middle en charge de g\u00e9rer des transformations op\u00e9rationnelles. L&rsquo;objectif est d&rsquo;identifier leurs points forts et axes de progr\u00e8s afin de les accompagner au mieux dans leur r\u00f4le de [&hellip;]","og_url":"https:\/\/360.qualintra.com\/en\/product\/360-manager-transformations\/","og_site_name":"Qualintra 360","article_modified_time":"2024-12-09T20:30:04+00:00","og_image":[{"width":96,"height":96,"url":"https:\/\/360.qualintra.com\/wp-content\/uploads\/2024\/10\/image.png","type":"image\/png"}],"twitter_card":"summary_large_image","twitter_misc":{"Estimated reading time":"2 minutes"},"schema":{"@context":"https:\/\/schema.org","@graph":[{"@type":"WebPage","@id":"https:\/\/360.qualintra.com\/produit\/360-manager-transformations\/","url":"https:\/\/360.qualintra.com\/produit\/360-manager-transformations\/","name":"360\u00b0 Manager-transformations - Qualintra 360","isPartOf":{"@id":"https:\/\/360.qualintra.com\/#website"},"primaryImageOfPage":{"@id":"https:\/\/360.qualintra.com\/produit\/360-manager-transformations\/#primaryimage"},"image":{"@id":"https:\/\/360.qualintra.com\/produit\/360-manager-transformations\/#primaryimage"},"thumbnailUrl":"https:\/\/360.qualintra.com\/wp-content\/uploads\/2024\/10\/image.png","datePublished":"2024-11-14T22:15:54+00:00","dateModified":"2024-12-09T20:30:04+00:00","breadcrumb":{"@id":"https:\/\/360.qualintra.com\/produit\/360-manager-transformations\/#breadcrumb"},"inLanguage":"en-GB","potentialAction":[{"@type":"ReadAction","target":["https:\/\/360.qualintra.com\/produit\/360-manager-transformations\/"]}]},{"@type":"ImageObject","inLanguage":"en-GB","@id":"https:\/\/360.qualintra.com\/produit\/360-manager-transformations\/#primaryimage","url":"https:\/\/360.qualintra.com\/wp-content\/uploads\/2024\/10\/image.png","contentUrl":"https:\/\/360.qualintra.com\/wp-content\/uploads\/2024\/10\/image.png","width":96,"height":96},{"@type":"BreadcrumbList","@id":"https:\/\/360.qualintra.com\/produit\/360-manager-transformations\/#breadcrumb","itemListElement":[{"@type":"ListItem","position":1,"name":"Accueil","item":"https:\/\/360.qualintra.com\/"},{"@type":"ListItem","position":2,"name":"eShop","item":"https:\/\/360.qualintra.com\/boutique\/"},{"@type":"ListItem","position":3,"name":"360\u00b0 Manager-transformations"}]},{"@type":"WebSite","@id":"https:\/\/360.qualintra.com\/#website","url":"https:\/\/360.qualintra.com\/","name":"Qualintra 360","description":"","publisher":{"@id":"https:\/\/360.qualintra.com\/#organization"},"potentialAction":[{"@type":"SearchAction","target":{"@type":"EntryPoint","urlTemplate":"https:\/\/360.qualintra.com\/?s={search_term_string}"},"query-input":{"@type":"PropertyValueSpecification","valueRequired":true,"valueName":"search_term_string"}}],"inLanguage":"en-GB"},{"@type":"Organization","@id":"https:\/\/360.qualintra.com\/#organization","name":"Qualintra 360","url":"https:\/\/360.qualintra.com\/","logo":{"@type":"ImageObject","inLanguage":"en-GB","@id":"https:\/\/360.qualintra.com\/#\/schema\/logo\/image\/","url":"https:\/\/360.qualintra.com\/wp-content\/uploads\/2024\/09\/logo-qualintra.png","contentUrl":"https:\/\/360.qualintra.com\/wp-content\/uploads\/2024\/09\/logo-qualintra.png","width":1180,"height":232,"caption":"Qualintra 360"},"image":{"@id":"https:\/\/360.qualintra.com\/#\/schema\/logo\/image\/"}}]}},"_links":{"self":[{"href":"https:\/\/360.qualintra.com\/en\/wp-json\/wp\/v2\/product\/923","targetHints":{"allow":["GET"]}}],"collection":[{"href":"https:\/\/360.qualintra.com\/en\/wp-json\/wp\/v2\/product"}],"about":[{"href":"https:\/\/360.qualintra.com\/en\/wp-json\/wp\/v2\/types\/product"}],"wp:featuredmedia":[{"embeddable":true,"href":"https:\/\/360.qualintra.com\/en\/wp-json\/wp\/v2\/media\/411"}],"wp:attachment":[{"href":"https:\/\/360.qualintra.com\/en\/wp-json\/wp\/v2\/media?parent=923"}],"wp:term":[{"taxonomy":"product_brand","embeddable":true,"href":"https:\/\/360.qualintra.com\/en\/wp-json\/wp\/v2\/product_brand?post=923"},{"taxonomy":"product_cat","embeddable":true,"href":"https:\/\/360.qualintra.com\/en\/wp-json\/wp\/v2\/product_cat?post=923"},{"taxonomy":"product_tag","embeddable":true,"href":"https:\/\/360.qualintra.com\/en\/wp-json\/wp\/v2\/product_tag?post=923"}],"curies":[{"name":"wp","href":"https:\/\/api.w.org\/{rel}","templated":true}]}}