{"id":410,"date":"2024-10-17T02:25:52","date_gmt":"2024-10-17T00:25:52","guid":{"rendered":"https:\/\/360.qualintra.com\/?post_type=product&#038;p=410"},"modified":"2024-12-09T21:31:10","modified_gmt":"2024-12-09T20:31:10","slug":"experto-360","status":"publish","type":"product","link":"https:\/\/360.qualintra.com\/es\/producto\/experto-360\/","title":{"rendered":"Experto 360"},"content":{"rendered":"<h2><strong>Feedback 360\u00b0: Experto empresarial<\/strong><\/h2>\n<h3>Poblaci\u00f3n destinataria y objetivos<\/h3>\n<p>Esta herramienta de evaluaci\u00f3n de 360\u00b0 mide las competencias que se esperan de un experto en su campo. El experto puede ser un experto operativo (por ejemplo, un investigador, un especialista en transporte y aduanas en una empresa de gran distribuci\u00f3n, un gestor de riesgos nucleares en una compa\u00f1\u00eda de seguros o un gestor de grandes cuentas) o un experto funcional (por ejemplo, un abogado internacional, un responsable de relaciones con los empleados o un controlador de gesti\u00f3n).<\/p>\n<p>Las exigencias que las organizaciones plantean a los expertos han cambiado en los \u00faltimos a\u00f1os. El experto ya no debe limitarse a ser un gran \"sabelotodo\", sino que debe ser capaz de transmitir sus conocimientos, anticipar y responder a las preguntas de sus clientes y demostrar una buena inteligencia interpersonal. Esta evaluaci\u00f3n de 360\u00b0 pone de relieve los puntos fuertes que pueden aprovechar en su trabajo diario y los comportamientos y competencias que deben reforzar para desempe\u00f1ar a\u00fan mejor su funci\u00f3n.<\/p>\n<h3>Presentaci\u00f3n del modelo<\/h3>\n<p>El cuestionario 360\u00b0 se basa en las observaciones e investigaciones m\u00e1s recientes sobre las competencias que se exigen a un experto. Se basa en la base de datos Qualintra, que se actualiza constantemente en funci\u00f3n de los proyectos que realizamos para nuestros clientes.<\/p>\n<p>El cuestionario se organiza en torno a 7 familias de competencias: liderazgo t\u00e9cnico, gesti\u00f3n del conocimiento, orientaci\u00f3n a los resultados, colaboraci\u00f3n, innovaci\u00f3n, orientaci\u00f3n al cliente y relaciones interpersonales.<\/p>\n<p><img fetchpriority=\"high\" decoding=\"async\" id=\"img106\" src=\"https:\/\/shop.qualintra.com\/Shop\/image.ashx?qs=E6F03295CACAF49B1E07C2CFC14CE634BAC537C99D694E82697D5DF282E384D1F314DD939BCDA2042AEF148148B8184296A692972505E9BC5E61D0E9ADFD33B8AE52AC20A1836EDE00F7FD657D295428D09AD59DBBD867B6392FCE308BC9A7D9\" width=\"783\" height=\"345\" \/><\/p>\n<p>Cada familia se desglosa en competencias, y cada competencia se describe en forma de varias preguntas. Cada pregunta eval\u00faa un comportamiento observable en una escala de seis puntos: completamente de acuerdo, de acuerdo, tendente a estar de acuerdo, tendente a estar en desacuerdo, en desacuerdo, completamente en desacuerdo. Dos preguntas abiertas al final del cuestionario permiten a los participantes expresarse libremente sobre los puntos fuertes y las \u00e1reas de mejora que ven en la persona evaluada. Estos comentarios alimentan el an\u00e1lisis de las cifras y aportan un material valioso para interpretar los resultados. Las puntuaciones se expresan en una escala de 1 a 6.<\/p>\n<h3>Puntos de atenci\u00f3n para los entrenadores<\/h3>\n<p>Esta evaluaci\u00f3n de 360\u00b0 est\u00e1 dise\u00f1ada para evaluar las competencias de los colaboradores expertos individuales. Si los participantes est\u00e1n a cargo de un equipo (jefe del departamento jur\u00eddico, jefe del departamento de riesgo operativo, etc.), es aconsejable considerar su funci\u00f3n y si las tareas de gesti\u00f3n tienen prioridad sobre las tareas de experto. En este caso, le recomendamos que utilice el Feedback 360\u00b0 del Responsable Operativo para evaluar las competencias del participante de forma pertinente.<\/p>","protected":false},"excerpt":{"rendered":"<p>360\u00b0 Feedback\u00a0: Expert m\u00e9tier Population concern\u00e9e et objectifs Cet outil de feedback 360\u00b0 permet de mesurer les comp\u00e9tences attendues d\u2019un expert dans son m\u00e9tier. Il peut s\u2019agir d\u2019un expert op\u00e9rationnel (chercheur, sp\u00e9cialiste des transport et douanes dans une entreprise de grande distribution, responsable des risques nucl\u00e9aires dans une compagnie d\u2019assurance par exemple, responsable grands comptes) [&hellip;]<\/p>","protected":false},"featured_media":411,"template":"","meta":[],"product_brand":[],"product_cat":[15],"product_tag":[],"class_list":{"0":"post-410","1":"product","2":"type-product","3":"status-publish","4":"has-post-thumbnail","6":"product_cat-non-classe","8":"first","9":"instock","10":"virtual","11":"taxable","12":"purchasable","13":"product-type-simple"},"yoast_head":"<!-- This site is optimized with the Yoast SEO plugin v26.6 - https:\/\/yoast.com\/wordpress\/plugins\/seo\/ -->\n<title>360\u00b0 Expert - Qualintra 360<\/title>\n<meta name=\"robots\" content=\"index, follow, max-snippet:-1, max-image-preview:large, max-video-preview:-1\" \/>\n<link rel=\"canonical\" href=\"https:\/\/360.qualintra.com\/es\/producto\/experto-360\/\" \/>\n<meta property=\"og:locale\" content=\"es_ES\" \/>\n<meta property=\"og:type\" content=\"article\" \/>\n<meta property=\"og:title\" content=\"360\u00b0 Expert - Qualintra 360\" \/>\n<meta property=\"og:description\" content=\"360\u00b0 Feedback\u00a0: Expert m\u00e9tier Population concern\u00e9e et objectifs Cet outil de feedback 360\u00b0 permet de mesurer les comp\u00e9tences attendues d\u2019un expert dans son m\u00e9tier. Il peut s\u2019agir d\u2019un expert op\u00e9rationnel (chercheur, sp\u00e9cialiste des transport et douanes dans une entreprise de grande distribution, responsable des risques nucl\u00e9aires dans une compagnie d\u2019assurance par exemple, responsable grands comptes) [&hellip;]\" \/>\n<meta property=\"og:url\" content=\"https:\/\/360.qualintra.com\/es\/producto\/experto-360\/\" \/>\n<meta property=\"og:site_name\" content=\"Qualintra 360\" \/>\n<meta property=\"article:modified_time\" content=\"2024-12-09T20:31:10+00:00\" \/>\n<meta property=\"og:image\" content=\"https:\/\/360.qualintra.com\/wp-content\/uploads\/2024\/10\/image.png\" \/>\n\t<meta property=\"og:image:width\" content=\"96\" \/>\n\t<meta property=\"og:image:height\" content=\"96\" \/>\n\t<meta property=\"og:image:type\" content=\"image\/png\" \/>\n<meta name=\"twitter:card\" content=\"summary_large_image\" \/>\n<meta name=\"twitter:label1\" content=\"Tiempo de lectura\" \/>\n\t<meta name=\"twitter:data1\" content=\"2 minutos\" \/>\n<script type=\"application\/ld+json\" class=\"yoast-schema-graph\">{\"@context\":\"https:\/\/schema.org\",\"@graph\":[{\"@type\":\"WebPage\",\"@id\":\"https:\/\/360.qualintra.com\/produit\/360-expert\/\",\"url\":\"https:\/\/360.qualintra.com\/produit\/360-expert\/\",\"name\":\"360\u00b0 Expert - Qualintra 360\",\"isPartOf\":{\"@id\":\"https:\/\/360.qualintra.com\/#website\"},\"primaryImageOfPage\":{\"@id\":\"https:\/\/360.qualintra.com\/produit\/360-expert\/#primaryimage\"},\"image\":{\"@id\":\"https:\/\/360.qualintra.com\/produit\/360-expert\/#primaryimage\"},\"thumbnailUrl\":\"https:\/\/360.qualintra.com\/wp-content\/uploads\/2024\/10\/image.png\",\"datePublished\":\"2024-10-17T00:25:52+00:00\",\"dateModified\":\"2024-12-09T20:31:10+00:00\",\"breadcrumb\":{\"@id\":\"https:\/\/360.qualintra.com\/produit\/360-expert\/#breadcrumb\"},\"inLanguage\":\"es\",\"potentialAction\":[{\"@type\":\"ReadAction\",\"target\":[\"https:\/\/360.qualintra.com\/produit\/360-expert\/\"]}]},{\"@type\":\"ImageObject\",\"inLanguage\":\"es\",\"@id\":\"https:\/\/360.qualintra.com\/produit\/360-expert\/#primaryimage\",\"url\":\"https:\/\/360.qualintra.com\/wp-content\/uploads\/2024\/10\/image.png\",\"contentUrl\":\"https:\/\/360.qualintra.com\/wp-content\/uploads\/2024\/10\/image.png\",\"width\":96,\"height\":96},{\"@type\":\"BreadcrumbList\",\"@id\":\"https:\/\/360.qualintra.com\/produit\/360-expert\/#breadcrumb\",\"itemListElement\":[{\"@type\":\"ListItem\",\"position\":1,\"name\":\"Accueil\",\"item\":\"https:\/\/360.qualintra.com\/\"},{\"@type\":\"ListItem\",\"position\":2,\"name\":\"eShop\",\"item\":\"https:\/\/360.qualintra.com\/boutique\/\"},{\"@type\":\"ListItem\",\"position\":3,\"name\":\"360\u00b0 Expert\"}]},{\"@type\":\"WebSite\",\"@id\":\"https:\/\/360.qualintra.com\/#website\",\"url\":\"https:\/\/360.qualintra.com\/\",\"name\":\"Qualintra 360\",\"description\":\"\",\"publisher\":{\"@id\":\"https:\/\/360.qualintra.com\/#organization\"},\"potentialAction\":[{\"@type\":\"SearchAction\",\"target\":{\"@type\":\"EntryPoint\",\"urlTemplate\":\"https:\/\/360.qualintra.com\/?s={search_term_string}\"},\"query-input\":{\"@type\":\"PropertyValueSpecification\",\"valueRequired\":true,\"valueName\":\"search_term_string\"}}],\"inLanguage\":\"es\"},{\"@type\":\"Organization\",\"@id\":\"https:\/\/360.qualintra.com\/#organization\",\"name\":\"Qualintra 360\",\"url\":\"https:\/\/360.qualintra.com\/\",\"logo\":{\"@type\":\"ImageObject\",\"inLanguage\":\"es\",\"@id\":\"https:\/\/360.qualintra.com\/#\/schema\/logo\/image\/\",\"url\":\"https:\/\/360.qualintra.com\/wp-content\/uploads\/2024\/09\/logo-qualintra.png\",\"contentUrl\":\"https:\/\/360.qualintra.com\/wp-content\/uploads\/2024\/09\/logo-qualintra.png\",\"width\":1180,\"height\":232,\"caption\":\"Qualintra 360\"},\"image\":{\"@id\":\"https:\/\/360.qualintra.com\/#\/schema\/logo\/image\/\"}}]}<\/script>\n<!-- \/ Yoast SEO plugin. -->","yoast_head_json":{"title":"Experto 360\u00b0 - Qualintra 360","robots":{"index":"index","follow":"follow","max-snippet":"max-snippet:-1","max-image-preview":"max-image-preview:large","max-video-preview":"max-video-preview:-1"},"canonical":"https:\/\/360.qualintra.com\/es\/producto\/experto-360\/","og_locale":"es_ES","og_type":"article","og_title":"360\u00b0 Expert - Qualintra 360","og_description":"360\u00b0 Feedback\u00a0: Expert m\u00e9tier Population concern\u00e9e et objectifs Cet outil de feedback 360\u00b0 permet de mesurer les comp\u00e9tences attendues d\u2019un expert dans son m\u00e9tier. Il peut s\u2019agir d\u2019un expert op\u00e9rationnel (chercheur, sp\u00e9cialiste des transport et douanes dans une entreprise de grande distribution, responsable des risques nucl\u00e9aires dans une compagnie d\u2019assurance par exemple, responsable grands comptes) [&hellip;]","og_url":"https:\/\/360.qualintra.com\/es\/producto\/experto-360\/","og_site_name":"Qualintra 360","article_modified_time":"2024-12-09T20:31:10+00:00","og_image":[{"width":96,"height":96,"url":"https:\/\/360.qualintra.com\/wp-content\/uploads\/2024\/10\/image.png","type":"image\/png"}],"twitter_card":"summary_large_image","twitter_misc":{"Tiempo de lectura":"2 minutos"},"schema":{"@context":"https:\/\/schema.org","@graph":[{"@type":"WebPage","@id":"https:\/\/360.qualintra.com\/produit\/360-expert\/","url":"https:\/\/360.qualintra.com\/produit\/360-expert\/","name":"Experto 360\u00b0 - Qualintra 360","isPartOf":{"@id":"https:\/\/360.qualintra.com\/#website"},"primaryImageOfPage":{"@id":"https:\/\/360.qualintra.com\/produit\/360-expert\/#primaryimage"},"image":{"@id":"https:\/\/360.qualintra.com\/produit\/360-expert\/#primaryimage"},"thumbnailUrl":"https:\/\/360.qualintra.com\/wp-content\/uploads\/2024\/10\/image.png","datePublished":"2024-10-17T00:25:52+00:00","dateModified":"2024-12-09T20:31:10+00:00","breadcrumb":{"@id":"https:\/\/360.qualintra.com\/produit\/360-expert\/#breadcrumb"},"inLanguage":"es","potentialAction":[{"@type":"ReadAction","target":["https:\/\/360.qualintra.com\/produit\/360-expert\/"]}]},{"@type":"ImageObject","inLanguage":"es","@id":"https:\/\/360.qualintra.com\/produit\/360-expert\/#primaryimage","url":"https:\/\/360.qualintra.com\/wp-content\/uploads\/2024\/10\/image.png","contentUrl":"https:\/\/360.qualintra.com\/wp-content\/uploads\/2024\/10\/image.png","width":96,"height":96},{"@type":"BreadcrumbList","@id":"https:\/\/360.qualintra.com\/produit\/360-expert\/#breadcrumb","itemListElement":[{"@type":"ListItem","position":1,"name":"Accueil","item":"https:\/\/360.qualintra.com\/"},{"@type":"ListItem","position":2,"name":"eShop","item":"https:\/\/360.qualintra.com\/boutique\/"},{"@type":"ListItem","position":3,"name":"360\u00b0 Expert"}]},{"@type":"WebSite","@id":"https:\/\/360.qualintra.com\/#website","url":"https:\/\/360.qualintra.com\/","name":"Qualintra 360","description":"","publisher":{"@id":"https:\/\/360.qualintra.com\/#organization"},"potentialAction":[{"@type":"SearchAction","target":{"@type":"EntryPoint","urlTemplate":"https:\/\/360.qualintra.com\/?s={search_term_string}"},"query-input":{"@type":"PropertyValueSpecification","valueRequired":true,"valueName":"search_term_string"}}],"inLanguage":"es"},{"@type":"Organization","@id":"https:\/\/360.qualintra.com\/#organization","name":"Qualintra 360","url":"https:\/\/360.qualintra.com\/","logo":{"@type":"ImageObject","inLanguage":"es","@id":"https:\/\/360.qualintra.com\/#\/schema\/logo\/image\/","url":"https:\/\/360.qualintra.com\/wp-content\/uploads\/2024\/09\/logo-qualintra.png","contentUrl":"https:\/\/360.qualintra.com\/wp-content\/uploads\/2024\/09\/logo-qualintra.png","width":1180,"height":232,"caption":"Qualintra 360"},"image":{"@id":"https:\/\/360.qualintra.com\/#\/schema\/logo\/image\/"}}]}},"_links":{"self":[{"href":"https:\/\/360.qualintra.com\/es\/wp-json\/wp\/v2\/product\/410","targetHints":{"allow":["GET"]}}],"collection":[{"href":"https:\/\/360.qualintra.com\/es\/wp-json\/wp\/v2\/product"}],"about":[{"href":"https:\/\/360.qualintra.com\/es\/wp-json\/wp\/v2\/types\/product"}],"wp:featuredmedia":[{"embeddable":true,"href":"https:\/\/360.qualintra.com\/es\/wp-json\/wp\/v2\/media\/411"}],"wp:attachment":[{"href":"https:\/\/360.qualintra.com\/es\/wp-json\/wp\/v2\/media?parent=410"}],"wp:term":[{"taxonomy":"product_brand","embeddable":true,"href":"https:\/\/360.qualintra.com\/es\/wp-json\/wp\/v2\/product_brand?post=410"},{"taxonomy":"product_cat","embeddable":true,"href":"https:\/\/360.qualintra.com\/es\/wp-json\/wp\/v2\/product_cat?post=410"},{"taxonomy":"product_tag","embeddable":true,"href":"https:\/\/360.qualintra.com\/es\/wp-json\/wp\/v2\/product_tag?post=410"}],"curies":[{"name":"wp","href":"https:\/\/api.w.org\/{rel}","templated":true}]}}