{"id":779,"date":"2024-10-24T01:21:01","date_gmt":"2024-10-23T23:21:01","guid":{"rendered":"https:\/\/360.qualintra.com\/?post_type=product&#038;p=779"},"modified":"2024-12-09T21:30:23","modified_gmt":"2024-12-09T20:30:23","slug":"360-alto-directivo","status":"publish","type":"product","link":"https:\/\/360.qualintra.com\/es\/producto\/360-alto-directivo\/","title":{"rendered":"Ejecutivo 360"},"content":{"rendered":"<h2><strong>Feedback 360\u00b0 : Ejecutivo<\/strong><\/h2>\n<h3>Poblaci\u00f3n destinataria y objetivos<\/h3>\n<p>Este programa 360\u00b0 est\u00e1 dirigido a ejecutivos y altos directivos. Se trata de ejecutivos que dirigen equipos, a menudo formados por directivos, en entornos que cambian r\u00e1pidamente.<\/p>\n<p>Esta herramienta de feedback mide sus capacidades de liderazgo para poner de relieve los puntos fuertes que pueden aprovechar en su gesti\u00f3n diaria y los comportamientos y aptitudes que deben reforzar para desempe\u00f1ar a\u00fan mejor su funci\u00f3n.<\/p>\n<h3>Presentaci\u00f3n del modelo<\/h3>\n<p>El cuestionario 360\u00b0 se basa en las observaciones e investigaciones m\u00e1s recientes sobre las competencias de liderazgo necesarias para ocupar este nivel de responsabilidad. Se basa en la base de datos Qualintra, que se mejora constantemente en funci\u00f3n de los proyectos que realizamos para nuestros clientes.<\/p>\n<p>El cuestionario se organiza en torno a 4 familias de competencias: Poner las cosas en marcha,<br \/>\nGesti\u00f3n de la complejidad,<br \/>\nAnticiparse e innovar,<br \/>\nInteractuar con eficacia e inteligencia<\/p>\n<p>Las puntuaciones se expresan en una escala de 1 a 6.<\/p>\n<p><img fetchpriority=\"high\" decoding=\"async\" id=\"img104\" src=\"https:\/\/shop.qualintra.com\/Shop\/image.ashx?qs=E6F03295CACAF49BA004ED5E6903A1617072DC1A184D31D2F13BE9226ADF3DA2EDB0EFD5E78102CE67A4810FCA7C6B278A70F067958F818389DFA8ADF23F3D9A91A6F5570C539CE76A5377AF62E1F1054601446BCB46F284A40F3067F382A46C\" width=\"879\" height=\"504\" \/><\/p>\n<p>Cada familia se desglosa en competencias, y cada competencia se describe en forma de varias preguntas. Cada pregunta eval\u00faa un comportamiento observable en una escala de seis puntos: completamente de acuerdo, de acuerdo, tendente a estar de acuerdo, tendente a estar en desacuerdo, en desacuerdo, completamente en desacuerdo. Dos preguntas abiertas al final del cuestionario permiten a los participantes expresarse libremente sobre los puntos fuertes y las \u00e1reas de mejora que ven en la persona evaluada. Estos comentarios alimentan el an\u00e1lisis de las cifras y aportan un material valioso para interpretar los resultados.<\/p>\n<h3>Puntos de atenci\u00f3n para los entrenadores<\/h3>\n<p>Este cuestionario se dirige a un grupo objetivo muy senior. Las valoraciones de determinados comportamientos que implican al participante, como innovar o interactuar, pueden trascender el \u00e1mbito profesional para resonar m\u00e1s profundamente en esferas emocionales ligadas a la personalidad. Dependiendo del individuo, la carga emocional puede ser fuerte y no pueden descartarse reacciones de negaci\u00f3n. Por lo tanto, el debriefing 360\u00b0 requiere un alto nivel de sensibilidad y empat\u00eda. Debe ser realizado por coaches experimentados.<\/p>","protected":false},"excerpt":{"rendered":"<p>360\u00b0 Feedback : Executive Population concern\u00e9e et objectifs Ce 360\u00b0 s\u2019adresse \u00e0 des dirigeants et des senior managers. Il s\u2019agit de cadres amen\u00e9s \u00e0 diriger des \u00e9quipes souvent constitu\u00e9es de managers, dans des environnements en forte \u00e9volution. Cet outil de feedback permet de mesurer leurs comp\u00e9tences de leadership afin de mettre en \u00e9vidence les points [&hellip;]<\/p>","protected":false},"featured_media":411,"template":"","meta":[],"product_brand":[],"product_cat":[15],"product_tag":[],"class_list":{"0":"post-779","1":"product","2":"type-product","3":"status-publish","4":"has-post-thumbnail","6":"product_cat-non-classe","8":"first","9":"instock","10":"virtual","11":"taxable","12":"purchasable","13":"product-type-simple"},"yoast_head":"<!-- This site is optimized with the Yoast SEO plugin v26.6 - https:\/\/yoast.com\/wordpress\/plugins\/seo\/ -->\n<title>360\u00b0 Executive - Qualintra 360<\/title>\n<meta name=\"robots\" content=\"index, follow, max-snippet:-1, max-image-preview:large, max-video-preview:-1\" \/>\n<link rel=\"canonical\" href=\"https:\/\/360.qualintra.com\/es\/producto\/360-alto-directivo\/\" \/>\n<meta property=\"og:locale\" content=\"es_ES\" \/>\n<meta property=\"og:type\" content=\"article\" \/>\n<meta property=\"og:title\" content=\"360\u00b0 Executive - Qualintra 360\" \/>\n<meta property=\"og:description\" content=\"360\u00b0 Feedback : Executive Population concern\u00e9e et objectifs Ce 360\u00b0 s\u2019adresse \u00e0 des dirigeants et des senior managers. Il s\u2019agit de cadres amen\u00e9s \u00e0 diriger des \u00e9quipes souvent constitu\u00e9es de managers, dans des environnements en forte \u00e9volution. Cet outil de feedback permet de mesurer leurs comp\u00e9tences de leadership afin de mettre en \u00e9vidence les points [&hellip;]\" \/>\n<meta property=\"og:url\" content=\"https:\/\/360.qualintra.com\/es\/producto\/360-alto-directivo\/\" \/>\n<meta property=\"og:site_name\" content=\"Qualintra 360\" \/>\n<meta property=\"article:modified_time\" content=\"2024-12-09T20:30:23+00:00\" \/>\n<meta property=\"og:image\" content=\"https:\/\/360.qualintra.com\/wp-content\/uploads\/2024\/10\/image.png\" \/>\n\t<meta property=\"og:image:width\" content=\"96\" \/>\n\t<meta property=\"og:image:height\" content=\"96\" \/>\n\t<meta property=\"og:image:type\" content=\"image\/png\" \/>\n<meta name=\"twitter:card\" content=\"summary_large_image\" \/>\n<meta name=\"twitter:label1\" content=\"Tiempo de lectura\" \/>\n\t<meta name=\"twitter:data1\" content=\"2 minutos\" \/>\n<script type=\"application\/ld+json\" class=\"yoast-schema-graph\">{\"@context\":\"https:\/\/schema.org\",\"@graph\":[{\"@type\":\"WebPage\",\"@id\":\"https:\/\/360.qualintra.com\/produit\/360-senior-manager\/\",\"url\":\"https:\/\/360.qualintra.com\/produit\/360-senior-manager\/\",\"name\":\"360\u00b0 Executive - Qualintra 360\",\"isPartOf\":{\"@id\":\"https:\/\/360.qualintra.com\/#website\"},\"primaryImageOfPage\":{\"@id\":\"https:\/\/360.qualintra.com\/produit\/360-senior-manager\/#primaryimage\"},\"image\":{\"@id\":\"https:\/\/360.qualintra.com\/produit\/360-senior-manager\/#primaryimage\"},\"thumbnailUrl\":\"https:\/\/360.qualintra.com\/wp-content\/uploads\/2024\/10\/image.png\",\"datePublished\":\"2024-10-23T23:21:01+00:00\",\"dateModified\":\"2024-12-09T20:30:23+00:00\",\"breadcrumb\":{\"@id\":\"https:\/\/360.qualintra.com\/produit\/360-senior-manager\/#breadcrumb\"},\"inLanguage\":\"es\",\"potentialAction\":[{\"@type\":\"ReadAction\",\"target\":[\"https:\/\/360.qualintra.com\/produit\/360-senior-manager\/\"]}]},{\"@type\":\"ImageObject\",\"inLanguage\":\"es\",\"@id\":\"https:\/\/360.qualintra.com\/produit\/360-senior-manager\/#primaryimage\",\"url\":\"https:\/\/360.qualintra.com\/wp-content\/uploads\/2024\/10\/image.png\",\"contentUrl\":\"https:\/\/360.qualintra.com\/wp-content\/uploads\/2024\/10\/image.png\",\"width\":96,\"height\":96},{\"@type\":\"BreadcrumbList\",\"@id\":\"https:\/\/360.qualintra.com\/produit\/360-senior-manager\/#breadcrumb\",\"itemListElement\":[{\"@type\":\"ListItem\",\"position\":1,\"name\":\"Accueil\",\"item\":\"https:\/\/360.qualintra.com\/\"},{\"@type\":\"ListItem\",\"position\":2,\"name\":\"eShop\",\"item\":\"https:\/\/360.qualintra.com\/boutique\/\"},{\"@type\":\"ListItem\",\"position\":3,\"name\":\"360\u00b0 Executive\"}]},{\"@type\":\"WebSite\",\"@id\":\"https:\/\/360.qualintra.com\/#website\",\"url\":\"https:\/\/360.qualintra.com\/\",\"name\":\"Qualintra 360\",\"description\":\"\",\"publisher\":{\"@id\":\"https:\/\/360.qualintra.com\/#organization\"},\"potentialAction\":[{\"@type\":\"SearchAction\",\"target\":{\"@type\":\"EntryPoint\",\"urlTemplate\":\"https:\/\/360.qualintra.com\/?s={search_term_string}\"},\"query-input\":{\"@type\":\"PropertyValueSpecification\",\"valueRequired\":true,\"valueName\":\"search_term_string\"}}],\"inLanguage\":\"es\"},{\"@type\":\"Organization\",\"@id\":\"https:\/\/360.qualintra.com\/#organization\",\"name\":\"Qualintra 360\",\"url\":\"https:\/\/360.qualintra.com\/\",\"logo\":{\"@type\":\"ImageObject\",\"inLanguage\":\"es\",\"@id\":\"https:\/\/360.qualintra.com\/#\/schema\/logo\/image\/\",\"url\":\"https:\/\/360.qualintra.com\/wp-content\/uploads\/2024\/09\/logo-qualintra.png\",\"contentUrl\":\"https:\/\/360.qualintra.com\/wp-content\/uploads\/2024\/09\/logo-qualintra.png\",\"width\":1180,\"height\":232,\"caption\":\"Qualintra 360\"},\"image\":{\"@id\":\"https:\/\/360.qualintra.com\/#\/schema\/logo\/image\/\"}}]}<\/script>\n<!-- \/ Yoast SEO plugin. -->","yoast_head_json":{"title":"Ejecutivo 360\u00b0 - Qualintra 360","robots":{"index":"index","follow":"follow","max-snippet":"max-snippet:-1","max-image-preview":"max-image-preview:large","max-video-preview":"max-video-preview:-1"},"canonical":"https:\/\/360.qualintra.com\/es\/producto\/360-alto-directivo\/","og_locale":"es_ES","og_type":"article","og_title":"360\u00b0 Executive - Qualintra 360","og_description":"360\u00b0 Feedback : Executive Population concern\u00e9e et objectifs Ce 360\u00b0 s\u2019adresse \u00e0 des dirigeants et des senior managers. Il s\u2019agit de cadres amen\u00e9s \u00e0 diriger des \u00e9quipes souvent constitu\u00e9es de managers, dans des environnements en forte \u00e9volution. Cet outil de feedback permet de mesurer leurs comp\u00e9tences de leadership afin de mettre en \u00e9vidence les points [&hellip;]","og_url":"https:\/\/360.qualintra.com\/es\/producto\/360-alto-directivo\/","og_site_name":"Qualintra 360","article_modified_time":"2024-12-09T20:30:23+00:00","og_image":[{"width":96,"height":96,"url":"https:\/\/360.qualintra.com\/wp-content\/uploads\/2024\/10\/image.png","type":"image\/png"}],"twitter_card":"summary_large_image","twitter_misc":{"Tiempo de lectura":"2 minutos"},"schema":{"@context":"https:\/\/schema.org","@graph":[{"@type":"WebPage","@id":"https:\/\/360.qualintra.com\/produit\/360-senior-manager\/","url":"https:\/\/360.qualintra.com\/produit\/360-senior-manager\/","name":"Ejecutivo 360\u00b0 - Qualintra 360","isPartOf":{"@id":"https:\/\/360.qualintra.com\/#website"},"primaryImageOfPage":{"@id":"https:\/\/360.qualintra.com\/produit\/360-senior-manager\/#primaryimage"},"image":{"@id":"https:\/\/360.qualintra.com\/produit\/360-senior-manager\/#primaryimage"},"thumbnailUrl":"https:\/\/360.qualintra.com\/wp-content\/uploads\/2024\/10\/image.png","datePublished":"2024-10-23T23:21:01+00:00","dateModified":"2024-12-09T20:30:23+00:00","breadcrumb":{"@id":"https:\/\/360.qualintra.com\/produit\/360-senior-manager\/#breadcrumb"},"inLanguage":"es","potentialAction":[{"@type":"ReadAction","target":["https:\/\/360.qualintra.com\/produit\/360-senior-manager\/"]}]},{"@type":"ImageObject","inLanguage":"es","@id":"https:\/\/360.qualintra.com\/produit\/360-senior-manager\/#primaryimage","url":"https:\/\/360.qualintra.com\/wp-content\/uploads\/2024\/10\/image.png","contentUrl":"https:\/\/360.qualintra.com\/wp-content\/uploads\/2024\/10\/image.png","width":96,"height":96},{"@type":"BreadcrumbList","@id":"https:\/\/360.qualintra.com\/produit\/360-senior-manager\/#breadcrumb","itemListElement":[{"@type":"ListItem","position":1,"name":"Accueil","item":"https:\/\/360.qualintra.com\/"},{"@type":"ListItem","position":2,"name":"eShop","item":"https:\/\/360.qualintra.com\/boutique\/"},{"@type":"ListItem","position":3,"name":"360\u00b0 Executive"}]},{"@type":"WebSite","@id":"https:\/\/360.qualintra.com\/#website","url":"https:\/\/360.qualintra.com\/","name":"Qualintra 360","description":"","publisher":{"@id":"https:\/\/360.qualintra.com\/#organization"},"potentialAction":[{"@type":"SearchAction","target":{"@type":"EntryPoint","urlTemplate":"https:\/\/360.qualintra.com\/?s={search_term_string}"},"query-input":{"@type":"PropertyValueSpecification","valueRequired":true,"valueName":"search_term_string"}}],"inLanguage":"es"},{"@type":"Organization","@id":"https:\/\/360.qualintra.com\/#organization","name":"Qualintra 360","url":"https:\/\/360.qualintra.com\/","logo":{"@type":"ImageObject","inLanguage":"es","@id":"https:\/\/360.qualintra.com\/#\/schema\/logo\/image\/","url":"https:\/\/360.qualintra.com\/wp-content\/uploads\/2024\/09\/logo-qualintra.png","contentUrl":"https:\/\/360.qualintra.com\/wp-content\/uploads\/2024\/09\/logo-qualintra.png","width":1180,"height":232,"caption":"Qualintra 360"},"image":{"@id":"https:\/\/360.qualintra.com\/#\/schema\/logo\/image\/"}}]}},"_links":{"self":[{"href":"https:\/\/360.qualintra.com\/es\/wp-json\/wp\/v2\/product\/779","targetHints":{"allow":["GET"]}}],"collection":[{"href":"https:\/\/360.qualintra.com\/es\/wp-json\/wp\/v2\/product"}],"about":[{"href":"https:\/\/360.qualintra.com\/es\/wp-json\/wp\/v2\/types\/product"}],"wp:featuredmedia":[{"embeddable":true,"href":"https:\/\/360.qualintra.com\/es\/wp-json\/wp\/v2\/media\/411"}],"wp:attachment":[{"href":"https:\/\/360.qualintra.com\/es\/wp-json\/wp\/v2\/media?parent=779"}],"wp:term":[{"taxonomy":"product_brand","embeddable":true,"href":"https:\/\/360.qualintra.com\/es\/wp-json\/wp\/v2\/product_brand?post=779"},{"taxonomy":"product_cat","embeddable":true,"href":"https:\/\/360.qualintra.com\/es\/wp-json\/wp\/v2\/product_cat?post=779"},{"taxonomy":"product_tag","embeddable":true,"href":"https:\/\/360.qualintra.com\/es\/wp-json\/wp\/v2\/product_tag?post=779"}],"curies":[{"name":"wp","href":"https:\/\/api.w.org\/{rel}","templated":true}]}}