{"id":923,"date":"2024-11-14T23:15:54","date_gmt":"2024-11-14T22:15:54","guid":{"rendered":"https:\/\/360.qualintra.com\/?post_type=product&#038;p=923"},"modified":"2024-12-09T21:30:04","modified_gmt":"2024-12-09T20:30:04","slug":"360-transformaciones-de-directivos","status":"publish","type":"product","link":"https:\/\/360.qualintra.com\/es\/producto\/360-transformaciones-de-directivos\/","title":{"rendered":"Gestor 360\u00b0-transformaciones"},"content":{"rendered":"<h2><strong>Feedback 360\u00b0: Transformaci\u00f3n de directivos<\/strong><\/h2>\n<h3>Poblaci\u00f3n destinataria y objetivos<\/h3>\n<p>Este Feedback 360\u00b0 tiene por objeto evaluar el nivel de dominio de estas competencias clave entre los altos directivos y los mandos intermedios encargados de gestionar las transformaciones operativas.<\/p>\n<p>El objetivo es identificar sus puntos fuertes y sus \u00e1reas de mejora, para poder apoyarles en su papel de l\u00edderes del cambio.<\/p>\n<h3>Presentaci\u00f3n del modelo<\/h3>\n<p>El cuestionario 360\u00b0 se basa en las observaciones e investigaciones m\u00e1s recientes sobre las capacidades de liderazgo necesarias para desempe\u00f1ar este nivel de responsabilidad.<\/p>\n<p>Se ha elaborado a partir de la base de datos Qualintra, que se enriquece constantemente en funci\u00f3n de los proyectos que realizamos para nuestros clientes.<\/p>\n<p>El cuestionario se organiza en torno a 9 familias de competencias:<\/p>\n<ul>\n<li>Inspiraci\u00f3n<\/li>\n<li>Apertura al cambio<\/li>\n<li>Inteligencia emocional<\/li>\n<li>Liderazgo de equipos<\/li>\n<li>Desarrollo de competencias<\/li>\n<li>Orientaci\u00f3n de los resultados<\/li>\n<li>Fuerza personal<\/li>\n<li>Cooperaci\u00f3n<\/li>\n<li>Gesti\u00f3n de la complejidad<\/li>\n<\/ul>\n<p><img fetchpriority=\"high\" decoding=\"async\" id=\"img106\" src=\"https:\/\/shop.qualintra.com\/Shop\/image.ashx?qs=E6F03295CACAF49B1E07C2CFC14CE634BAC537C99D694E82697D5DF282E384D1F314DD939BCDA2042AEF148148B8184296A692972505E9BC5E61D0E9ADFD33B8AE52AC20A1836EDE00F7FD657D295428D09AD59DBBD867B6392FCE308BC9A7D9\" width=\"783\" height=\"345\" \/><\/p>\n<p>Cada familia se desglosa en competencias, y cada competencia se describe en forma de varias preguntas.<\/p>\n<p>Cada pregunta eval\u00faa un comportamiento observable en una escala de seis puntos: totalmente de acuerdo, de acuerdo, tendente a estar de acuerdo, tendente a estar en desacuerdo, en desacuerdo, totalmente en desacuerdo.<\/p>\n<p>Dos preguntas abiertas al final del cuestionario permiten a los participantes expresarse libremente sobre los puntos fuertes y las \u00e1reas de mejora que ven en la persona evaluada.<\/p>\n<p>Estos comentarios alimentan el an\u00e1lisis de las cifras y aportan material valioso para interpretar los resultados.<\/p>\n<p>Las puntuaciones se expresan en una escala de 1 a 6.<\/p>\n<h3>Puntos de atenci\u00f3n para los entrenadores<\/h3>\n<p>Este cuestionario va dirigido a un grupo de edad media y alta.<\/p>\n<p>Las evaluaciones de determinados comportamientos que implican al participante, como innovar o interactuar, pueden trascender el \u00e1mbito profesional para resonar m\u00e1s profundamente en esferas emocionales vinculadas a la personalidad.<\/p>\n<p>Dependiendo del individuo, la carga emocional puede ser fuerte y no pueden descartarse reacciones de negaci\u00f3n.<\/p>\n<p>Por lo tanto, el debriefing de este acontecimiento de 360\u00b0 requiere un alto nivel de sensibilidad y empat\u00eda.<\/p>\n<p>Debe ser llevada a cabo por entrenadores experimentados.<\/p>","protected":false},"excerpt":{"rendered":"<p>360\u00b0 Feedback : Manager-transformations Population concern\u00e9e et objectifs Ce Feedback 360 vise \u00e0 \u00e9valuer le niveau de ma\u00eetrise de ces comp\u00e9tences cl\u00e9s chez les managers seniors et Middle en charge de g\u00e9rer des transformations op\u00e9rationnelles. L&rsquo;objectif est d&rsquo;identifier leurs points forts et axes de progr\u00e8s afin de les accompagner au mieux dans leur r\u00f4le de [&hellip;]<\/p>","protected":false},"featured_media":411,"template":"","meta":[],"product_brand":[],"product_cat":[15],"product_tag":[],"class_list":{"0":"post-923","1":"product","2":"type-product","3":"status-publish","4":"has-post-thumbnail","6":"product_cat-non-classe","8":"first","9":"instock","10":"virtual","11":"taxable","12":"purchasable","13":"product-type-simple"},"yoast_head":"<!-- This site is optimized with the Yoast SEO plugin v26.6 - https:\/\/yoast.com\/wordpress\/plugins\/seo\/ -->\n<title>360\u00b0 Manager-transformations - Qualintra 360<\/title>\n<meta name=\"robots\" content=\"index, follow, max-snippet:-1, max-image-preview:large, max-video-preview:-1\" \/>\n<link rel=\"canonical\" href=\"https:\/\/360.qualintra.com\/es\/producto\/360-transformaciones-de-directivos\/\" \/>\n<meta property=\"og:locale\" content=\"es_ES\" \/>\n<meta property=\"og:type\" content=\"article\" \/>\n<meta property=\"og:title\" content=\"360\u00b0 Manager-transformations - Qualintra 360\" \/>\n<meta property=\"og:description\" content=\"360\u00b0 Feedback : Manager-transformations Population concern\u00e9e et objectifs Ce Feedback 360 vise \u00e0 \u00e9valuer le niveau de ma\u00eetrise de ces comp\u00e9tences cl\u00e9s chez les managers seniors et Middle en charge de g\u00e9rer des transformations op\u00e9rationnelles. L&rsquo;objectif est d&rsquo;identifier leurs points forts et axes de progr\u00e8s afin de les accompagner au mieux dans leur r\u00f4le de [&hellip;]\" \/>\n<meta property=\"og:url\" content=\"https:\/\/360.qualintra.com\/es\/producto\/360-transformaciones-de-directivos\/\" \/>\n<meta property=\"og:site_name\" content=\"Qualintra 360\" \/>\n<meta property=\"article:modified_time\" content=\"2024-12-09T20:30:04+00:00\" \/>\n<meta property=\"og:image\" content=\"https:\/\/360.qualintra.com\/wp-content\/uploads\/2024\/10\/image.png\" \/>\n\t<meta property=\"og:image:width\" content=\"96\" \/>\n\t<meta property=\"og:image:height\" content=\"96\" \/>\n\t<meta property=\"og:image:type\" content=\"image\/png\" \/>\n<meta name=\"twitter:card\" content=\"summary_large_image\" \/>\n<meta name=\"twitter:label1\" content=\"Tiempo de lectura\" \/>\n\t<meta name=\"twitter:data1\" content=\"2 minutos\" \/>\n<script type=\"application\/ld+json\" class=\"yoast-schema-graph\">{\"@context\":\"https:\/\/schema.org\",\"@graph\":[{\"@type\":\"WebPage\",\"@id\":\"https:\/\/360.qualintra.com\/produit\/360-manager-transformations\/\",\"url\":\"https:\/\/360.qualintra.com\/produit\/360-manager-transformations\/\",\"name\":\"360\u00b0 Manager-transformations - Qualintra 360\",\"isPartOf\":{\"@id\":\"https:\/\/360.qualintra.com\/#website\"},\"primaryImageOfPage\":{\"@id\":\"https:\/\/360.qualintra.com\/produit\/360-manager-transformations\/#primaryimage\"},\"image\":{\"@id\":\"https:\/\/360.qualintra.com\/produit\/360-manager-transformations\/#primaryimage\"},\"thumbnailUrl\":\"https:\/\/360.qualintra.com\/wp-content\/uploads\/2024\/10\/image.png\",\"datePublished\":\"2024-11-14T22:15:54+00:00\",\"dateModified\":\"2024-12-09T20:30:04+00:00\",\"breadcrumb\":{\"@id\":\"https:\/\/360.qualintra.com\/produit\/360-manager-transformations\/#breadcrumb\"},\"inLanguage\":\"es\",\"potentialAction\":[{\"@type\":\"ReadAction\",\"target\":[\"https:\/\/360.qualintra.com\/produit\/360-manager-transformations\/\"]}]},{\"@type\":\"ImageObject\",\"inLanguage\":\"es\",\"@id\":\"https:\/\/360.qualintra.com\/produit\/360-manager-transformations\/#primaryimage\",\"url\":\"https:\/\/360.qualintra.com\/wp-content\/uploads\/2024\/10\/image.png\",\"contentUrl\":\"https:\/\/360.qualintra.com\/wp-content\/uploads\/2024\/10\/image.png\",\"width\":96,\"height\":96},{\"@type\":\"BreadcrumbList\",\"@id\":\"https:\/\/360.qualintra.com\/produit\/360-manager-transformations\/#breadcrumb\",\"itemListElement\":[{\"@type\":\"ListItem\",\"position\":1,\"name\":\"Accueil\",\"item\":\"https:\/\/360.qualintra.com\/\"},{\"@type\":\"ListItem\",\"position\":2,\"name\":\"eShop\",\"item\":\"https:\/\/360.qualintra.com\/boutique\/\"},{\"@type\":\"ListItem\",\"position\":3,\"name\":\"360\u00b0 Manager-transformations\"}]},{\"@type\":\"WebSite\",\"@id\":\"https:\/\/360.qualintra.com\/#website\",\"url\":\"https:\/\/360.qualintra.com\/\",\"name\":\"Qualintra 360\",\"description\":\"\",\"publisher\":{\"@id\":\"https:\/\/360.qualintra.com\/#organization\"},\"potentialAction\":[{\"@type\":\"SearchAction\",\"target\":{\"@type\":\"EntryPoint\",\"urlTemplate\":\"https:\/\/360.qualintra.com\/?s={search_term_string}\"},\"query-input\":{\"@type\":\"PropertyValueSpecification\",\"valueRequired\":true,\"valueName\":\"search_term_string\"}}],\"inLanguage\":\"es\"},{\"@type\":\"Organization\",\"@id\":\"https:\/\/360.qualintra.com\/#organization\",\"name\":\"Qualintra 360\",\"url\":\"https:\/\/360.qualintra.com\/\",\"logo\":{\"@type\":\"ImageObject\",\"inLanguage\":\"es\",\"@id\":\"https:\/\/360.qualintra.com\/#\/schema\/logo\/image\/\",\"url\":\"https:\/\/360.qualintra.com\/wp-content\/uploads\/2024\/09\/logo-qualintra.png\",\"contentUrl\":\"https:\/\/360.qualintra.com\/wp-content\/uploads\/2024\/09\/logo-qualintra.png\",\"width\":1180,\"height\":232,\"caption\":\"Qualintra 360\"},\"image\":{\"@id\":\"https:\/\/360.qualintra.com\/#\/schema\/logo\/image\/\"}}]}<\/script>\n<!-- \/ Yoast SEO plugin. -->","yoast_head_json":{"title":"Gestor 360\u00b0-transformaciones - Qualintra 360","robots":{"index":"index","follow":"follow","max-snippet":"max-snippet:-1","max-image-preview":"max-image-preview:large","max-video-preview":"max-video-preview:-1"},"canonical":"https:\/\/360.qualintra.com\/es\/producto\/360-transformaciones-de-directivos\/","og_locale":"es_ES","og_type":"article","og_title":"360\u00b0 Manager-transformations - Qualintra 360","og_description":"360\u00b0 Feedback : Manager-transformations Population concern\u00e9e et objectifs Ce Feedback 360 vise \u00e0 \u00e9valuer le niveau de ma\u00eetrise de ces comp\u00e9tences cl\u00e9s chez les managers seniors et Middle en charge de g\u00e9rer des transformations op\u00e9rationnelles. L&rsquo;objectif est d&rsquo;identifier leurs points forts et axes de progr\u00e8s afin de les accompagner au mieux dans leur r\u00f4le de [&hellip;]","og_url":"https:\/\/360.qualintra.com\/es\/producto\/360-transformaciones-de-directivos\/","og_site_name":"Qualintra 360","article_modified_time":"2024-12-09T20:30:04+00:00","og_image":[{"width":96,"height":96,"url":"https:\/\/360.qualintra.com\/wp-content\/uploads\/2024\/10\/image.png","type":"image\/png"}],"twitter_card":"summary_large_image","twitter_misc":{"Tiempo de lectura":"2 minutos"},"schema":{"@context":"https:\/\/schema.org","@graph":[{"@type":"WebPage","@id":"https:\/\/360.qualintra.com\/produit\/360-manager-transformations\/","url":"https:\/\/360.qualintra.com\/produit\/360-manager-transformations\/","name":"Gestor 360\u00b0-transformaciones - Qualintra 360","isPartOf":{"@id":"https:\/\/360.qualintra.com\/#website"},"primaryImageOfPage":{"@id":"https:\/\/360.qualintra.com\/produit\/360-manager-transformations\/#primaryimage"},"image":{"@id":"https:\/\/360.qualintra.com\/produit\/360-manager-transformations\/#primaryimage"},"thumbnailUrl":"https:\/\/360.qualintra.com\/wp-content\/uploads\/2024\/10\/image.png","datePublished":"2024-11-14T22:15:54+00:00","dateModified":"2024-12-09T20:30:04+00:00","breadcrumb":{"@id":"https:\/\/360.qualintra.com\/produit\/360-manager-transformations\/#breadcrumb"},"inLanguage":"es","potentialAction":[{"@type":"ReadAction","target":["https:\/\/360.qualintra.com\/produit\/360-manager-transformations\/"]}]},{"@type":"ImageObject","inLanguage":"es","@id":"https:\/\/360.qualintra.com\/produit\/360-manager-transformations\/#primaryimage","url":"https:\/\/360.qualintra.com\/wp-content\/uploads\/2024\/10\/image.png","contentUrl":"https:\/\/360.qualintra.com\/wp-content\/uploads\/2024\/10\/image.png","width":96,"height":96},{"@type":"BreadcrumbList","@id":"https:\/\/360.qualintra.com\/produit\/360-manager-transformations\/#breadcrumb","itemListElement":[{"@type":"ListItem","position":1,"name":"Accueil","item":"https:\/\/360.qualintra.com\/"},{"@type":"ListItem","position":2,"name":"eShop","item":"https:\/\/360.qualintra.com\/boutique\/"},{"@type":"ListItem","position":3,"name":"360\u00b0 Manager-transformations"}]},{"@type":"WebSite","@id":"https:\/\/360.qualintra.com\/#website","url":"https:\/\/360.qualintra.com\/","name":"Qualintra 360","description":"","publisher":{"@id":"https:\/\/360.qualintra.com\/#organization"},"potentialAction":[{"@type":"SearchAction","target":{"@type":"EntryPoint","urlTemplate":"https:\/\/360.qualintra.com\/?s={search_term_string}"},"query-input":{"@type":"PropertyValueSpecification","valueRequired":true,"valueName":"search_term_string"}}],"inLanguage":"es"},{"@type":"Organization","@id":"https:\/\/360.qualintra.com\/#organization","name":"Qualintra 360","url":"https:\/\/360.qualintra.com\/","logo":{"@type":"ImageObject","inLanguage":"es","@id":"https:\/\/360.qualintra.com\/#\/schema\/logo\/image\/","url":"https:\/\/360.qualintra.com\/wp-content\/uploads\/2024\/09\/logo-qualintra.png","contentUrl":"https:\/\/360.qualintra.com\/wp-content\/uploads\/2024\/09\/logo-qualintra.png","width":1180,"height":232,"caption":"Qualintra 360"},"image":{"@id":"https:\/\/360.qualintra.com\/#\/schema\/logo\/image\/"}}]}},"_links":{"self":[{"href":"https:\/\/360.qualintra.com\/es\/wp-json\/wp\/v2\/product\/923","targetHints":{"allow":["GET"]}}],"collection":[{"href":"https:\/\/360.qualintra.com\/es\/wp-json\/wp\/v2\/product"}],"about":[{"href":"https:\/\/360.qualintra.com\/es\/wp-json\/wp\/v2\/types\/product"}],"wp:featuredmedia":[{"embeddable":true,"href":"https:\/\/360.qualintra.com\/es\/wp-json\/wp\/v2\/media\/411"}],"wp:attachment":[{"href":"https:\/\/360.qualintra.com\/es\/wp-json\/wp\/v2\/media?parent=923"}],"wp:term":[{"taxonomy":"product_brand","embeddable":true,"href":"https:\/\/360.qualintra.com\/es\/wp-json\/wp\/v2\/product_brand?post=923"},{"taxonomy":"product_cat","embeddable":true,"href":"https:\/\/360.qualintra.com\/es\/wp-json\/wp\/v2\/product_cat?post=923"},{"taxonomy":"product_tag","embeddable":true,"href":"https:\/\/360.qualintra.com\/es\/wp-json\/wp\/v2\/product_tag?post=923"}],"curies":[{"name":"wp","href":"https:\/\/api.w.org\/{rel}","templated":true}]}}