{"id":410,"date":"2024-10-17T02:25:52","date_gmt":"2024-10-17T00:25:52","guid":{"rendered":"https:\/\/360.qualintra.com\/?post_type=product&#038;p=410"},"modified":"2024-12-09T21:31:10","modified_gmt":"2024-12-09T20:31:10","slug":"360-esperto","status":"publish","type":"product","link":"https:\/\/360.qualintra.com\/it\/prodotto\/360-esperto\/","title":{"rendered":"Esperto a 360\u00b0"},"content":{"rendered":"<h2><strong>Feedback a 360\u00b0: esperto di business<\/strong><\/h2>\n<h3>Popolazione target e obiettivi<\/h3>\n<p>Questo strumento di feedback a 360\u00b0 misura le competenze che ci si aspetta da un esperto nel suo settore. L'esperto pu\u00f2 essere un esperto operativo (ad esempio un ricercatore, uno specialista di trasporti e dogane in una societ\u00e0 di distribuzione di massa, un responsabile del rischio nucleare in una compagnia di assicurazioni o un key account manager) o un esperto funzionale (ad esempio un avvocato internazionale, un responsabile delle relazioni con i dipendenti o un controller di gestione).<\/p>\n<p>Le richieste che le organizzazioni fanno agli esperti sono cambiate negli ultimi anni. Gli esperti non devono pi\u00f9 essere semplicemente dei grandi \"conoscitori\", ma devono essere in grado di trasmettere le loro conoscenze, anticipare e rispondere alle domande dei clienti e dimostrare buone capacit\u00e0 relazionali. Questa valutazione a 360\u00b0 mette in evidenza i punti di forza a cui possono attingere nel loro lavoro quotidiano e i comportamenti e le competenze che devono rafforzare per svolgere al meglio il loro ruolo.<\/p>\n<h3>Presentazione del modello<\/h3>\n<p>Il questionario a 360\u00b0 si basa sulle pi\u00f9 recenti osservazioni e ricerche sulle competenze richieste a un esperto. Si basa sul database Qualintra, che viene costantemente aggiornato in base ai progetti che realizziamo per i nostri clienti.<\/p>\n<p>Il questionario \u00e8 organizzato intorno a 7 famiglie di competenze: leadership tecnica, gestione delle conoscenze, orientamento ai risultati, collaborazione, innovazione, orientamento al cliente e relazioni interpersonali.<\/p>\n<p><img fetchpriority=\"high\" decoding=\"async\" id=\"img106\" src=\"https:\/\/shop.qualintra.com\/Shop\/image.ashx?qs=E6F03295CACAF49B1E07C2CFC14CE634BAC537C99D694E82697D5DF282E384D1F314DD939BCDA2042AEF148148B8184296A692972505E9BC5E61D0E9ADFD33B8AE52AC20A1836EDE00F7FD657D295428D09AD59DBBD867B6392FCE308BC9A7D9\" width=\"783\" height=\"345\" \/><\/p>\n<p>Ogni famiglia \u00e8 suddivisa in competenze e ogni competenza \u00e8 descritta sotto forma di diverse domande. Ogni domanda valuta un comportamento osservabile su una scala a sei punti: completamente d'accordo, d'accordo, tendenzialmente d'accordo, tendenzialmente in disaccordo, in disaccordo, completamente in disaccordo. Due domande aperte alla fine del questionario consentono ai partecipanti di esprimersi liberamente sui punti di forza e sulle aree di miglioramento che vedono nella persona valutata. Questi commenti confluiscono nell'analisi dei dati e forniscono materiale prezioso per l'interpretazione dei risultati. I punteggi sono espressi su una scala da 1 a 6.<\/p>\n<h3>Punti di attenzione per gli allenatori<\/h3>\n<p>Questa valutazione a 360\u00b0 \u00e8 pensata per valutare le competenze dei singoli collaboratori esperti. Se i partecipanti sono responsabili di un team (responsabile dell'ufficio legale, responsabile dell'ufficio rischi operativi, ecc.), \u00e8 opportuno considerare il loro ruolo e se i compiti di gestione hanno la precedenza su quelli di esperto. In questo caso, si consiglia di utilizzare il Feedback 360\u00b0 Operational Manager per valutare le competenze del partecipante in modo pertinente.<\/p>","protected":false},"excerpt":{"rendered":"<p>360\u00b0 Feedback\u00a0: Expert m\u00e9tier Population concern\u00e9e et objectifs Cet outil de feedback 360\u00b0 permet de mesurer les comp\u00e9tences attendues d\u2019un expert dans son m\u00e9tier. Il peut s\u2019agir d\u2019un expert op\u00e9rationnel (chercheur, sp\u00e9cialiste des transport et douanes dans une entreprise de grande distribution, responsable des risques nucl\u00e9aires dans une compagnie d\u2019assurance par exemple, responsable grands comptes) [&hellip;]<\/p>","protected":false},"featured_media":411,"template":"","meta":[],"product_brand":[],"product_cat":[15],"product_tag":[],"class_list":{"0":"post-410","1":"product","2":"type-product","3":"status-publish","4":"has-post-thumbnail","6":"product_cat-non-classe","8":"first","9":"instock","10":"virtual","11":"taxable","12":"purchasable","13":"product-type-simple"},"yoast_head":"<!-- This site is optimized with the Yoast SEO plugin v26.6 - https:\/\/yoast.com\/wordpress\/plugins\/seo\/ -->\n<title>360\u00b0 Expert - Qualintra 360<\/title>\n<meta name=\"robots\" content=\"index, follow, max-snippet:-1, max-image-preview:large, max-video-preview:-1\" \/>\n<link rel=\"canonical\" href=\"https:\/\/360.qualintra.com\/it\/prodotto\/360-esperto\/\" \/>\n<meta property=\"og:locale\" content=\"it_IT\" \/>\n<meta property=\"og:type\" content=\"article\" \/>\n<meta property=\"og:title\" content=\"360\u00b0 Expert - Qualintra 360\" \/>\n<meta property=\"og:description\" content=\"360\u00b0 Feedback\u00a0: Expert m\u00e9tier Population concern\u00e9e et objectifs Cet outil de feedback 360\u00b0 permet de mesurer les comp\u00e9tences attendues d\u2019un expert dans son m\u00e9tier. Il peut s\u2019agir d\u2019un expert op\u00e9rationnel (chercheur, sp\u00e9cialiste des transport et douanes dans une entreprise de grande distribution, responsable des risques nucl\u00e9aires dans une compagnie d\u2019assurance par exemple, responsable grands comptes) [&hellip;]\" \/>\n<meta property=\"og:url\" content=\"https:\/\/360.qualintra.com\/it\/prodotto\/360-esperto\/\" \/>\n<meta property=\"og:site_name\" content=\"Qualintra 360\" \/>\n<meta property=\"article:modified_time\" content=\"2024-12-09T20:31:10+00:00\" \/>\n<meta property=\"og:image\" content=\"https:\/\/360.qualintra.com\/wp-content\/uploads\/2024\/10\/image.png\" \/>\n\t<meta property=\"og:image:width\" content=\"96\" \/>\n\t<meta property=\"og:image:height\" content=\"96\" \/>\n\t<meta property=\"og:image:type\" content=\"image\/png\" \/>\n<meta name=\"twitter:card\" content=\"summary_large_image\" \/>\n<meta name=\"twitter:label1\" content=\"Tempo di lettura stimato\" \/>\n\t<meta name=\"twitter:data1\" content=\"2 minuti\" \/>\n<script type=\"application\/ld+json\" class=\"yoast-schema-graph\">{\"@context\":\"https:\/\/schema.org\",\"@graph\":[{\"@type\":\"WebPage\",\"@id\":\"https:\/\/360.qualintra.com\/produit\/360-expert\/\",\"url\":\"https:\/\/360.qualintra.com\/produit\/360-expert\/\",\"name\":\"360\u00b0 Expert - Qualintra 360\",\"isPartOf\":{\"@id\":\"https:\/\/360.qualintra.com\/#website\"},\"primaryImageOfPage\":{\"@id\":\"https:\/\/360.qualintra.com\/produit\/360-expert\/#primaryimage\"},\"image\":{\"@id\":\"https:\/\/360.qualintra.com\/produit\/360-expert\/#primaryimage\"},\"thumbnailUrl\":\"https:\/\/360.qualintra.com\/wp-content\/uploads\/2024\/10\/image.png\",\"datePublished\":\"2024-10-17T00:25:52+00:00\",\"dateModified\":\"2024-12-09T20:31:10+00:00\",\"breadcrumb\":{\"@id\":\"https:\/\/360.qualintra.com\/produit\/360-expert\/#breadcrumb\"},\"inLanguage\":\"it-IT\",\"potentialAction\":[{\"@type\":\"ReadAction\",\"target\":[\"https:\/\/360.qualintra.com\/produit\/360-expert\/\"]}]},{\"@type\":\"ImageObject\",\"inLanguage\":\"it-IT\",\"@id\":\"https:\/\/360.qualintra.com\/produit\/360-expert\/#primaryimage\",\"url\":\"https:\/\/360.qualintra.com\/wp-content\/uploads\/2024\/10\/image.png\",\"contentUrl\":\"https:\/\/360.qualintra.com\/wp-content\/uploads\/2024\/10\/image.png\",\"width\":96,\"height\":96},{\"@type\":\"BreadcrumbList\",\"@id\":\"https:\/\/360.qualintra.com\/produit\/360-expert\/#breadcrumb\",\"itemListElement\":[{\"@type\":\"ListItem\",\"position\":1,\"name\":\"Accueil\",\"item\":\"https:\/\/360.qualintra.com\/\"},{\"@type\":\"ListItem\",\"position\":2,\"name\":\"eShop\",\"item\":\"https:\/\/360.qualintra.com\/boutique\/\"},{\"@type\":\"ListItem\",\"position\":3,\"name\":\"360\u00b0 Expert\"}]},{\"@type\":\"WebSite\",\"@id\":\"https:\/\/360.qualintra.com\/#website\",\"url\":\"https:\/\/360.qualintra.com\/\",\"name\":\"Qualintra 360\",\"description\":\"\",\"publisher\":{\"@id\":\"https:\/\/360.qualintra.com\/#organization\"},\"potentialAction\":[{\"@type\":\"SearchAction\",\"target\":{\"@type\":\"EntryPoint\",\"urlTemplate\":\"https:\/\/360.qualintra.com\/?s={search_term_string}\"},\"query-input\":{\"@type\":\"PropertyValueSpecification\",\"valueRequired\":true,\"valueName\":\"search_term_string\"}}],\"inLanguage\":\"it-IT\"},{\"@type\":\"Organization\",\"@id\":\"https:\/\/360.qualintra.com\/#organization\",\"name\":\"Qualintra 360\",\"url\":\"https:\/\/360.qualintra.com\/\",\"logo\":{\"@type\":\"ImageObject\",\"inLanguage\":\"it-IT\",\"@id\":\"https:\/\/360.qualintra.com\/#\/schema\/logo\/image\/\",\"url\":\"https:\/\/360.qualintra.com\/wp-content\/uploads\/2024\/09\/logo-qualintra.png\",\"contentUrl\":\"https:\/\/360.qualintra.com\/wp-content\/uploads\/2024\/09\/logo-qualintra.png\",\"width\":1180,\"height\":232,\"caption\":\"Qualintra 360\"},\"image\":{\"@id\":\"https:\/\/360.qualintra.com\/#\/schema\/logo\/image\/\"}}]}<\/script>\n<!-- \/ Yoast SEO plugin. -->","yoast_head_json":{"title":"Esperto a 360\u00b0 - Qualintra 360","robots":{"index":"index","follow":"follow","max-snippet":"max-snippet:-1","max-image-preview":"max-image-preview:large","max-video-preview":"max-video-preview:-1"},"canonical":"https:\/\/360.qualintra.com\/it\/prodotto\/360-esperto\/","og_locale":"it_IT","og_type":"article","og_title":"360\u00b0 Expert - Qualintra 360","og_description":"360\u00b0 Feedback\u00a0: Expert m\u00e9tier Population concern\u00e9e et objectifs Cet outil de feedback 360\u00b0 permet de mesurer les comp\u00e9tences attendues d\u2019un expert dans son m\u00e9tier. Il peut s\u2019agir d\u2019un expert op\u00e9rationnel (chercheur, sp\u00e9cialiste des transport et douanes dans une entreprise de grande distribution, responsable des risques nucl\u00e9aires dans une compagnie d\u2019assurance par exemple, responsable grands comptes) [&hellip;]","og_url":"https:\/\/360.qualintra.com\/it\/prodotto\/360-esperto\/","og_site_name":"Qualintra 360","article_modified_time":"2024-12-09T20:31:10+00:00","og_image":[{"width":96,"height":96,"url":"https:\/\/360.qualintra.com\/wp-content\/uploads\/2024\/10\/image.png","type":"image\/png"}],"twitter_card":"summary_large_image","twitter_misc":{"Tempo di lettura stimato":"2 minuti"},"schema":{"@context":"https:\/\/schema.org","@graph":[{"@type":"WebPage","@id":"https:\/\/360.qualintra.com\/produit\/360-expert\/","url":"https:\/\/360.qualintra.com\/produit\/360-expert\/","name":"Esperto a 360\u00b0 - Qualintra 360","isPartOf":{"@id":"https:\/\/360.qualintra.com\/#website"},"primaryImageOfPage":{"@id":"https:\/\/360.qualintra.com\/produit\/360-expert\/#primaryimage"},"image":{"@id":"https:\/\/360.qualintra.com\/produit\/360-expert\/#primaryimage"},"thumbnailUrl":"https:\/\/360.qualintra.com\/wp-content\/uploads\/2024\/10\/image.png","datePublished":"2024-10-17T00:25:52+00:00","dateModified":"2024-12-09T20:31:10+00:00","breadcrumb":{"@id":"https:\/\/360.qualintra.com\/produit\/360-expert\/#breadcrumb"},"inLanguage":"it-IT","potentialAction":[{"@type":"ReadAction","target":["https:\/\/360.qualintra.com\/produit\/360-expert\/"]}]},{"@type":"ImageObject","inLanguage":"it-IT","@id":"https:\/\/360.qualintra.com\/produit\/360-expert\/#primaryimage","url":"https:\/\/360.qualintra.com\/wp-content\/uploads\/2024\/10\/image.png","contentUrl":"https:\/\/360.qualintra.com\/wp-content\/uploads\/2024\/10\/image.png","width":96,"height":96},{"@type":"BreadcrumbList","@id":"https:\/\/360.qualintra.com\/produit\/360-expert\/#breadcrumb","itemListElement":[{"@type":"ListItem","position":1,"name":"Accueil","item":"https:\/\/360.qualintra.com\/"},{"@type":"ListItem","position":2,"name":"eShop","item":"https:\/\/360.qualintra.com\/boutique\/"},{"@type":"ListItem","position":3,"name":"360\u00b0 Expert"}]},{"@type":"WebSite","@id":"https:\/\/360.qualintra.com\/#website","url":"https:\/\/360.qualintra.com\/","name":"Qualintra 360","description":"","publisher":{"@id":"https:\/\/360.qualintra.com\/#organization"},"potentialAction":[{"@type":"SearchAction","target":{"@type":"EntryPoint","urlTemplate":"https:\/\/360.qualintra.com\/?s={search_term_string}"},"query-input":{"@type":"PropertyValueSpecification","valueRequired":true,"valueName":"search_term_string"}}],"inLanguage":"it-IT"},{"@type":"Organization","@id":"https:\/\/360.qualintra.com\/#organization","name":"Qualintra 360","url":"https:\/\/360.qualintra.com\/","logo":{"@type":"ImageObject","inLanguage":"it-IT","@id":"https:\/\/360.qualintra.com\/#\/schema\/logo\/image\/","url":"https:\/\/360.qualintra.com\/wp-content\/uploads\/2024\/09\/logo-qualintra.png","contentUrl":"https:\/\/360.qualintra.com\/wp-content\/uploads\/2024\/09\/logo-qualintra.png","width":1180,"height":232,"caption":"Qualintra 360"},"image":{"@id":"https:\/\/360.qualintra.com\/#\/schema\/logo\/image\/"}}]}},"_links":{"self":[{"href":"https:\/\/360.qualintra.com\/it\/wp-json\/wp\/v2\/product\/410","targetHints":{"allow":["GET"]}}],"collection":[{"href":"https:\/\/360.qualintra.com\/it\/wp-json\/wp\/v2\/product"}],"about":[{"href":"https:\/\/360.qualintra.com\/it\/wp-json\/wp\/v2\/types\/product"}],"wp:featuredmedia":[{"embeddable":true,"href":"https:\/\/360.qualintra.com\/it\/wp-json\/wp\/v2\/media\/411"}],"wp:attachment":[{"href":"https:\/\/360.qualintra.com\/it\/wp-json\/wp\/v2\/media?parent=410"}],"wp:term":[{"taxonomy":"product_brand","embeddable":true,"href":"https:\/\/360.qualintra.com\/it\/wp-json\/wp\/v2\/product_brand?post=410"},{"taxonomy":"product_cat","embeddable":true,"href":"https:\/\/360.qualintra.com\/it\/wp-json\/wp\/v2\/product_cat?post=410"},{"taxonomy":"product_tag","embeddable":true,"href":"https:\/\/360.qualintra.com\/it\/wp-json\/wp\/v2\/product_tag?post=410"}],"curies":[{"name":"wp","href":"https:\/\/api.w.org\/{rel}","templated":true}]}}