{"id":779,"date":"2024-10-24T01:21:01","date_gmt":"2024-10-23T23:21:01","guid":{"rendered":"https:\/\/360.qualintra.com\/?post_type=product&#038;p=779"},"modified":"2024-12-09T21:30:23","modified_gmt":"2024-12-09T20:30:23","slug":"360-manager-senior","status":"publish","type":"product","link":"https:\/\/360.qualintra.com\/it\/prodotto\/360-manager-senior\/","title":{"rendered":"Esecutivo a 360\u00b0"},"content":{"rendered":"<h2><strong>Feedback a 360 gradi: dirigenti<\/strong><\/h2>\n<h3>Popolazione target e obiettivi<\/h3>\n<p>Questo programma a 360\u00b0 \u00e8 rivolto a dirigenti e senior manager. Si tratta di dirigenti che devono guidare team, spesso composti da manager, in ambienti in rapida evoluzione.<\/p>\n<p>Questo strumento di feedback misura le loro capacit\u00e0 di leadership per evidenziare i punti di forza su cui possono basarsi nella gestione quotidiana e i comportamenti e le competenze che devono rafforzare per svolgere ancora meglio il loro ruolo.<\/p>\n<h3>Presentazione del modello<\/h3>\n<p>Il questionario a 360\u00b0 si basa sulle pi\u00f9 recenti osservazioni e ricerche sulle competenze di leadership necessarie per ricoprire questo livello di responsabilit\u00e0. Si basa sulla banca dati Qualintra, che viene costantemente arricchita in base ai progetti che realizziamo per i nostri clienti.<\/p>\n<p>Il questionario \u00e8 organizzato intorno a 4 famiglie di competenze: Mettersi in moto,<br \/>\nGestire la complessit\u00e0,<br \/>\nAnticipare e innovare,<br \/>\nInteragire in modo efficace e intelligente<\/p>\n<p>I punteggi sono espressi su una scala da 1 a 6.<\/p>\n<p><img fetchpriority=\"high\" decoding=\"async\" id=\"img104\" src=\"https:\/\/shop.qualintra.com\/Shop\/image.ashx?qs=E6F03295CACAF49BA004ED5E6903A1617072DC1A184D31D2F13BE9226ADF3DA2EDB0EFD5E78102CE67A4810FCA7C6B278A70F067958F818389DFA8ADF23F3D9A91A6F5570C539CE76A5377AF62E1F1054601446BCB46F284A40F3067F382A46C\" width=\"879\" height=\"504\" \/><\/p>\n<p>Ogni famiglia \u00e8 suddivisa in competenze e ogni competenza \u00e8 descritta sotto forma di diverse domande. Ogni domanda valuta un comportamento osservabile su una scala a sei punti: completamente d'accordo, d'accordo, tendenzialmente d'accordo, tendenzialmente in disaccordo, in disaccordo, completamente in disaccordo. Due domande aperte alla fine del questionario consentono ai partecipanti di esprimersi liberamente sui punti di forza e sulle aree di miglioramento che vedono nella persona valutata. Questi commenti confluiscono nell'analisi dei dati e forniscono materiale prezioso per l'interpretazione dei risultati.<\/p>\n<h3>Punti di attenzione per gli allenatori<\/h3>\n<p>Questo questionario si rivolge a un gruppo target molto senior. Le valutazioni di alcuni comportamenti che coinvolgono il partecipante, come innovare o interagire, possono andare oltre la sfera professionale per risuonare pi\u00f9 profondamente in sfere emotive legate alla personalit\u00e0. A seconda dell'individuo, la carica emotiva pu\u00f2 essere forte e non si possono escludere reazioni di rifiuto. Il debriefing a 360\u00b0 richiede quindi un alto livello di sensibilit\u00e0 ed empatia. Dovrebbe essere condotto da coach esperti.<\/p>","protected":false},"excerpt":{"rendered":"<p>360\u00b0 Feedback : Executive Population concern\u00e9e et objectifs Ce 360\u00b0 s\u2019adresse \u00e0 des dirigeants et des senior managers. Il s\u2019agit de cadres amen\u00e9s \u00e0 diriger des \u00e9quipes souvent constitu\u00e9es de managers, dans des environnements en forte \u00e9volution. Cet outil de feedback permet de mesurer leurs comp\u00e9tences de leadership afin de mettre en \u00e9vidence les points [&hellip;]<\/p>","protected":false},"featured_media":411,"template":"","meta":[],"product_brand":[],"product_cat":[15],"product_tag":[],"class_list":{"0":"post-779","1":"product","2":"type-product","3":"status-publish","4":"has-post-thumbnail","6":"product_cat-non-classe","8":"first","9":"instock","10":"virtual","11":"taxable","12":"purchasable","13":"product-type-simple"},"yoast_head":"<!-- This site is optimized with the Yoast SEO plugin v26.6 - https:\/\/yoast.com\/wordpress\/plugins\/seo\/ -->\n<title>360\u00b0 Executive - Qualintra 360<\/title>\n<meta name=\"robots\" content=\"index, follow, max-snippet:-1, max-image-preview:large, max-video-preview:-1\" \/>\n<link rel=\"canonical\" href=\"https:\/\/360.qualintra.com\/it\/prodotto\/360-manager-senior\/\" \/>\n<meta property=\"og:locale\" content=\"it_IT\" \/>\n<meta property=\"og:type\" content=\"article\" \/>\n<meta property=\"og:title\" content=\"360\u00b0 Executive - Qualintra 360\" \/>\n<meta property=\"og:description\" content=\"360\u00b0 Feedback : Executive Population concern\u00e9e et objectifs Ce 360\u00b0 s\u2019adresse \u00e0 des dirigeants et des senior managers. Il s\u2019agit de cadres amen\u00e9s \u00e0 diriger des \u00e9quipes souvent constitu\u00e9es de managers, dans des environnements en forte \u00e9volution. Cet outil de feedback permet de mesurer leurs comp\u00e9tences de leadership afin de mettre en \u00e9vidence les points [&hellip;]\" \/>\n<meta property=\"og:url\" content=\"https:\/\/360.qualintra.com\/it\/prodotto\/360-manager-senior\/\" \/>\n<meta property=\"og:site_name\" content=\"Qualintra 360\" \/>\n<meta property=\"article:modified_time\" content=\"2024-12-09T20:30:23+00:00\" \/>\n<meta property=\"og:image\" content=\"https:\/\/360.qualintra.com\/wp-content\/uploads\/2024\/10\/image.png\" \/>\n\t<meta property=\"og:image:width\" content=\"96\" \/>\n\t<meta property=\"og:image:height\" content=\"96\" \/>\n\t<meta property=\"og:image:type\" content=\"image\/png\" \/>\n<meta name=\"twitter:card\" content=\"summary_large_image\" \/>\n<meta name=\"twitter:label1\" content=\"Tempo di lettura stimato\" \/>\n\t<meta name=\"twitter:data1\" content=\"2 minuti\" \/>\n<script type=\"application\/ld+json\" class=\"yoast-schema-graph\">{\"@context\":\"https:\/\/schema.org\",\"@graph\":[{\"@type\":\"WebPage\",\"@id\":\"https:\/\/360.qualintra.com\/produit\/360-senior-manager\/\",\"url\":\"https:\/\/360.qualintra.com\/produit\/360-senior-manager\/\",\"name\":\"360\u00b0 Executive - Qualintra 360\",\"isPartOf\":{\"@id\":\"https:\/\/360.qualintra.com\/#website\"},\"primaryImageOfPage\":{\"@id\":\"https:\/\/360.qualintra.com\/produit\/360-senior-manager\/#primaryimage\"},\"image\":{\"@id\":\"https:\/\/360.qualintra.com\/produit\/360-senior-manager\/#primaryimage\"},\"thumbnailUrl\":\"https:\/\/360.qualintra.com\/wp-content\/uploads\/2024\/10\/image.png\",\"datePublished\":\"2024-10-23T23:21:01+00:00\",\"dateModified\":\"2024-12-09T20:30:23+00:00\",\"breadcrumb\":{\"@id\":\"https:\/\/360.qualintra.com\/produit\/360-senior-manager\/#breadcrumb\"},\"inLanguage\":\"it-IT\",\"potentialAction\":[{\"@type\":\"ReadAction\",\"target\":[\"https:\/\/360.qualintra.com\/produit\/360-senior-manager\/\"]}]},{\"@type\":\"ImageObject\",\"inLanguage\":\"it-IT\",\"@id\":\"https:\/\/360.qualintra.com\/produit\/360-senior-manager\/#primaryimage\",\"url\":\"https:\/\/360.qualintra.com\/wp-content\/uploads\/2024\/10\/image.png\",\"contentUrl\":\"https:\/\/360.qualintra.com\/wp-content\/uploads\/2024\/10\/image.png\",\"width\":96,\"height\":96},{\"@type\":\"BreadcrumbList\",\"@id\":\"https:\/\/360.qualintra.com\/produit\/360-senior-manager\/#breadcrumb\",\"itemListElement\":[{\"@type\":\"ListItem\",\"position\":1,\"name\":\"Accueil\",\"item\":\"https:\/\/360.qualintra.com\/\"},{\"@type\":\"ListItem\",\"position\":2,\"name\":\"eShop\",\"item\":\"https:\/\/360.qualintra.com\/boutique\/\"},{\"@type\":\"ListItem\",\"position\":3,\"name\":\"360\u00b0 Executive\"}]},{\"@type\":\"WebSite\",\"@id\":\"https:\/\/360.qualintra.com\/#website\",\"url\":\"https:\/\/360.qualintra.com\/\",\"name\":\"Qualintra 360\",\"description\":\"\",\"publisher\":{\"@id\":\"https:\/\/360.qualintra.com\/#organization\"},\"potentialAction\":[{\"@type\":\"SearchAction\",\"target\":{\"@type\":\"EntryPoint\",\"urlTemplate\":\"https:\/\/360.qualintra.com\/?s={search_term_string}\"},\"query-input\":{\"@type\":\"PropertyValueSpecification\",\"valueRequired\":true,\"valueName\":\"search_term_string\"}}],\"inLanguage\":\"it-IT\"},{\"@type\":\"Organization\",\"@id\":\"https:\/\/360.qualintra.com\/#organization\",\"name\":\"Qualintra 360\",\"url\":\"https:\/\/360.qualintra.com\/\",\"logo\":{\"@type\":\"ImageObject\",\"inLanguage\":\"it-IT\",\"@id\":\"https:\/\/360.qualintra.com\/#\/schema\/logo\/image\/\",\"url\":\"https:\/\/360.qualintra.com\/wp-content\/uploads\/2024\/09\/logo-qualintra.png\",\"contentUrl\":\"https:\/\/360.qualintra.com\/wp-content\/uploads\/2024\/09\/logo-qualintra.png\",\"width\":1180,\"height\":232,\"caption\":\"Qualintra 360\"},\"image\":{\"@id\":\"https:\/\/360.qualintra.com\/#\/schema\/logo\/image\/\"}}]}<\/script>\n<!-- \/ Yoast SEO plugin. -->","yoast_head_json":{"title":"Esecutivo a 360\u00b0 - Qualintra 360","robots":{"index":"index","follow":"follow","max-snippet":"max-snippet:-1","max-image-preview":"max-image-preview:large","max-video-preview":"max-video-preview:-1"},"canonical":"https:\/\/360.qualintra.com\/it\/prodotto\/360-manager-senior\/","og_locale":"it_IT","og_type":"article","og_title":"360\u00b0 Executive - Qualintra 360","og_description":"360\u00b0 Feedback : Executive Population concern\u00e9e et objectifs Ce 360\u00b0 s\u2019adresse \u00e0 des dirigeants et des senior managers. Il s\u2019agit de cadres amen\u00e9s \u00e0 diriger des \u00e9quipes souvent constitu\u00e9es de managers, dans des environnements en forte \u00e9volution. Cet outil de feedback permet de mesurer leurs comp\u00e9tences de leadership afin de mettre en \u00e9vidence les points [&hellip;]","og_url":"https:\/\/360.qualintra.com\/it\/prodotto\/360-manager-senior\/","og_site_name":"Qualintra 360","article_modified_time":"2024-12-09T20:30:23+00:00","og_image":[{"width":96,"height":96,"url":"https:\/\/360.qualintra.com\/wp-content\/uploads\/2024\/10\/image.png","type":"image\/png"}],"twitter_card":"summary_large_image","twitter_misc":{"Tempo di lettura stimato":"2 minuti"},"schema":{"@context":"https:\/\/schema.org","@graph":[{"@type":"WebPage","@id":"https:\/\/360.qualintra.com\/produit\/360-senior-manager\/","url":"https:\/\/360.qualintra.com\/produit\/360-senior-manager\/","name":"Esecutivo a 360\u00b0 - Qualintra 360","isPartOf":{"@id":"https:\/\/360.qualintra.com\/#website"},"primaryImageOfPage":{"@id":"https:\/\/360.qualintra.com\/produit\/360-senior-manager\/#primaryimage"},"image":{"@id":"https:\/\/360.qualintra.com\/produit\/360-senior-manager\/#primaryimage"},"thumbnailUrl":"https:\/\/360.qualintra.com\/wp-content\/uploads\/2024\/10\/image.png","datePublished":"2024-10-23T23:21:01+00:00","dateModified":"2024-12-09T20:30:23+00:00","breadcrumb":{"@id":"https:\/\/360.qualintra.com\/produit\/360-senior-manager\/#breadcrumb"},"inLanguage":"it-IT","potentialAction":[{"@type":"ReadAction","target":["https:\/\/360.qualintra.com\/produit\/360-senior-manager\/"]}]},{"@type":"ImageObject","inLanguage":"it-IT","@id":"https:\/\/360.qualintra.com\/produit\/360-senior-manager\/#primaryimage","url":"https:\/\/360.qualintra.com\/wp-content\/uploads\/2024\/10\/image.png","contentUrl":"https:\/\/360.qualintra.com\/wp-content\/uploads\/2024\/10\/image.png","width":96,"height":96},{"@type":"BreadcrumbList","@id":"https:\/\/360.qualintra.com\/produit\/360-senior-manager\/#breadcrumb","itemListElement":[{"@type":"ListItem","position":1,"name":"Accueil","item":"https:\/\/360.qualintra.com\/"},{"@type":"ListItem","position":2,"name":"eShop","item":"https:\/\/360.qualintra.com\/boutique\/"},{"@type":"ListItem","position":3,"name":"360\u00b0 Executive"}]},{"@type":"WebSite","@id":"https:\/\/360.qualintra.com\/#website","url":"https:\/\/360.qualintra.com\/","name":"Qualintra 360","description":"","publisher":{"@id":"https:\/\/360.qualintra.com\/#organization"},"potentialAction":[{"@type":"SearchAction","target":{"@type":"EntryPoint","urlTemplate":"https:\/\/360.qualintra.com\/?s={search_term_string}"},"query-input":{"@type":"PropertyValueSpecification","valueRequired":true,"valueName":"search_term_string"}}],"inLanguage":"it-IT"},{"@type":"Organization","@id":"https:\/\/360.qualintra.com\/#organization","name":"Qualintra 360","url":"https:\/\/360.qualintra.com\/","logo":{"@type":"ImageObject","inLanguage":"it-IT","@id":"https:\/\/360.qualintra.com\/#\/schema\/logo\/image\/","url":"https:\/\/360.qualintra.com\/wp-content\/uploads\/2024\/09\/logo-qualintra.png","contentUrl":"https:\/\/360.qualintra.com\/wp-content\/uploads\/2024\/09\/logo-qualintra.png","width":1180,"height":232,"caption":"Qualintra 360"},"image":{"@id":"https:\/\/360.qualintra.com\/#\/schema\/logo\/image\/"}}]}},"_links":{"self":[{"href":"https:\/\/360.qualintra.com\/it\/wp-json\/wp\/v2\/product\/779","targetHints":{"allow":["GET"]}}],"collection":[{"href":"https:\/\/360.qualintra.com\/it\/wp-json\/wp\/v2\/product"}],"about":[{"href":"https:\/\/360.qualintra.com\/it\/wp-json\/wp\/v2\/types\/product"}],"wp:featuredmedia":[{"embeddable":true,"href":"https:\/\/360.qualintra.com\/it\/wp-json\/wp\/v2\/media\/411"}],"wp:attachment":[{"href":"https:\/\/360.qualintra.com\/it\/wp-json\/wp\/v2\/media?parent=779"}],"wp:term":[{"taxonomy":"product_brand","embeddable":true,"href":"https:\/\/360.qualintra.com\/it\/wp-json\/wp\/v2\/product_brand?post=779"},{"taxonomy":"product_cat","embeddable":true,"href":"https:\/\/360.qualintra.com\/it\/wp-json\/wp\/v2\/product_cat?post=779"},{"taxonomy":"product_tag","embeddable":true,"href":"https:\/\/360.qualintra.com\/it\/wp-json\/wp\/v2\/product_tag?post=779"}],"curies":[{"name":"wp","href":"https:\/\/api.w.org\/{rel}","templated":true}]}}