{"id":923,"date":"2024-11-14T23:15:54","date_gmt":"2024-11-14T22:15:54","guid":{"rendered":"https:\/\/360.qualintra.com\/?post_type=product&#038;p=923"},"modified":"2024-12-09T21:30:04","modified_gmt":"2024-12-09T20:30:04","slug":"trasformazioni-a-360-manager","status":"publish","type":"product","link":"https:\/\/360.qualintra.com\/it\/prodotto\/trasformazioni-a-360-manager\/","title":{"rendered":"Trasformazioni a 360\u00b0 del manager"},"content":{"rendered":"<h2><strong>Feedback a 360\u00b0: Trasformazioni dei manager<\/strong><\/h2>\n<h3>Popolazione target e obiettivi<\/h3>\n<p>Questo Feedback a 360\u00b0 mira a valutare il livello di padronanza di queste competenze chiave tra i senior e i middle manager incaricati di gestire le trasformazioni operative.<\/p>\n<p>L'obiettivo \u00e8 identificare i loro punti di forza e le aree di miglioramento, in modo da poterli sostenere nel loro ruolo di leader del cambiamento.<\/p>\n<h3>Presentazione del modello<\/h3>\n<p>Il questionario a 360\u00b0 si basa sulle pi\u00f9 recenti osservazioni e ricerche sulle competenze di leadership necessarie per ricoprire questo livello di responsabilit\u00e0.<\/p>\n<p>\u00c8 stato compilato a partire dalla banca dati Qualintra, che viene costantemente arricchita in base ai progetti che realizziamo per i nostri clienti.<\/p>\n<p>Il questionario \u00e8 organizzato su 9 famiglie di competenze:<\/p>\n<ul>\n<li>Ispirazione<\/li>\n<li>Apertura al cambiamento<\/li>\n<li>Intelligenza emotiva<\/li>\n<li>Leadership del team<\/li>\n<li>Sviluppo delle competenze<\/li>\n<li>Orientamento ai risultati<\/li>\n<li>Forza personale<\/li>\n<li>Cooperazione<\/li>\n<li>Gestione della complessit\u00e0<\/li>\n<\/ul>\n<p><img fetchpriority=\"high\" decoding=\"async\" id=\"img106\" src=\"https:\/\/shop.qualintra.com\/Shop\/image.ashx?qs=E6F03295CACAF49B1E07C2CFC14CE634BAC537C99D694E82697D5DF282E384D1F314DD939BCDA2042AEF148148B8184296A692972505E9BC5E61D0E9ADFD33B8AE52AC20A1836EDE00F7FD657D295428D09AD59DBBD867B6392FCE308BC9A7D9\" width=\"783\" height=\"345\" \/><\/p>\n<p>Ogni famiglia \u00e8 suddivisa in competenze e ogni competenza \u00e8 descritta sotto forma di diverse domande.<\/p>\n<p>Ogni domanda valuta un comportamento osservabile su una scala a sei punti: fortemente d'accordo, d'accordo, tendenzialmente d'accordo, tendenzialmente in disaccordo, in disaccordo, fortemente in disaccordo.<\/p>\n<p>Due domande aperte alla fine del questionario consentono ai partecipanti di esprimersi liberamente sui punti di forza e sulle aree di miglioramento che vedono nella persona valutata.<\/p>\n<p>Questi commenti confluiscono nell'analisi delle figure e forniscono materiale prezioso per l'interpretazione dei risultati.<\/p>\n<p>I punteggi sono espressi su una scala da 1 a 6.<\/p>\n<h3>Punti di attenzione per gli allenatori<\/h3>\n<p>Il questionario si rivolge a un gruppo di persone di livello senior e medio.<\/p>\n<p>Le valutazioni di alcuni comportamenti che coinvolgono il partecipante, come innovare o interagire, possono andare oltre la sfera professionale per risuonare pi\u00f9 profondamente nelle sfere emotive legate alla personalit\u00e0.<\/p>\n<p>A seconda dell'individuo, la carica emotiva pu\u00f2 essere forte e non si possono escludere reazioni di rifiuto.<\/p>\n<p>Il debriefing di questo evento a 360\u00b0 richiede quindi un alto livello di sensibilit\u00e0 ed empatia.<\/p>\n<p>Deve essere eseguita da allenatori esperti.<\/p>","protected":false},"excerpt":{"rendered":"<p>360\u00b0 Feedback : Manager-transformations Population concern\u00e9e et objectifs Ce Feedback 360 vise \u00e0 \u00e9valuer le niveau de ma\u00eetrise de ces comp\u00e9tences cl\u00e9s chez les managers seniors et Middle en charge de g\u00e9rer des transformations op\u00e9rationnelles. L&rsquo;objectif est d&rsquo;identifier leurs points forts et axes de progr\u00e8s afin de les accompagner au mieux dans leur r\u00f4le de [&hellip;]<\/p>","protected":false},"featured_media":411,"template":"","meta":[],"product_brand":[],"product_cat":[15],"product_tag":[],"class_list":{"0":"post-923","1":"product","2":"type-product","3":"status-publish","4":"has-post-thumbnail","6":"product_cat-non-classe","8":"first","9":"instock","10":"virtual","11":"taxable","12":"purchasable","13":"product-type-simple"},"yoast_head":"<!-- This site is optimized with the Yoast SEO plugin v26.6 - https:\/\/yoast.com\/wordpress\/plugins\/seo\/ -->\n<title>360\u00b0 Manager-transformations - Qualintra 360<\/title>\n<meta name=\"robots\" content=\"index, follow, max-snippet:-1, max-image-preview:large, max-video-preview:-1\" \/>\n<link rel=\"canonical\" href=\"https:\/\/360.qualintra.com\/it\/prodotto\/trasformazioni-a-360-manager\/\" \/>\n<meta property=\"og:locale\" content=\"it_IT\" \/>\n<meta property=\"og:type\" content=\"article\" \/>\n<meta property=\"og:title\" content=\"360\u00b0 Manager-transformations - Qualintra 360\" \/>\n<meta property=\"og:description\" content=\"360\u00b0 Feedback : Manager-transformations Population concern\u00e9e et objectifs Ce Feedback 360 vise \u00e0 \u00e9valuer le niveau de ma\u00eetrise de ces comp\u00e9tences cl\u00e9s chez les managers seniors et Middle en charge de g\u00e9rer des transformations op\u00e9rationnelles. L&rsquo;objectif est d&rsquo;identifier leurs points forts et axes de progr\u00e8s afin de les accompagner au mieux dans leur r\u00f4le de [&hellip;]\" \/>\n<meta property=\"og:url\" content=\"https:\/\/360.qualintra.com\/it\/prodotto\/trasformazioni-a-360-manager\/\" \/>\n<meta property=\"og:site_name\" content=\"Qualintra 360\" \/>\n<meta property=\"article:modified_time\" content=\"2024-12-09T20:30:04+00:00\" \/>\n<meta property=\"og:image\" content=\"https:\/\/360.qualintra.com\/wp-content\/uploads\/2024\/10\/image.png\" \/>\n\t<meta property=\"og:image:width\" content=\"96\" \/>\n\t<meta property=\"og:image:height\" content=\"96\" \/>\n\t<meta property=\"og:image:type\" content=\"image\/png\" \/>\n<meta name=\"twitter:card\" content=\"summary_large_image\" \/>\n<meta name=\"twitter:label1\" content=\"Tempo di lettura stimato\" \/>\n\t<meta name=\"twitter:data1\" content=\"2 minuti\" \/>\n<script type=\"application\/ld+json\" class=\"yoast-schema-graph\">{\"@context\":\"https:\/\/schema.org\",\"@graph\":[{\"@type\":\"WebPage\",\"@id\":\"https:\/\/360.qualintra.com\/produit\/360-manager-transformations\/\",\"url\":\"https:\/\/360.qualintra.com\/produit\/360-manager-transformations\/\",\"name\":\"360\u00b0 Manager-transformations - Qualintra 360\",\"isPartOf\":{\"@id\":\"https:\/\/360.qualintra.com\/#website\"},\"primaryImageOfPage\":{\"@id\":\"https:\/\/360.qualintra.com\/produit\/360-manager-transformations\/#primaryimage\"},\"image\":{\"@id\":\"https:\/\/360.qualintra.com\/produit\/360-manager-transformations\/#primaryimage\"},\"thumbnailUrl\":\"https:\/\/360.qualintra.com\/wp-content\/uploads\/2024\/10\/image.png\",\"datePublished\":\"2024-11-14T22:15:54+00:00\",\"dateModified\":\"2024-12-09T20:30:04+00:00\",\"breadcrumb\":{\"@id\":\"https:\/\/360.qualintra.com\/produit\/360-manager-transformations\/#breadcrumb\"},\"inLanguage\":\"it-IT\",\"potentialAction\":[{\"@type\":\"ReadAction\",\"target\":[\"https:\/\/360.qualintra.com\/produit\/360-manager-transformations\/\"]}]},{\"@type\":\"ImageObject\",\"inLanguage\":\"it-IT\",\"@id\":\"https:\/\/360.qualintra.com\/produit\/360-manager-transformations\/#primaryimage\",\"url\":\"https:\/\/360.qualintra.com\/wp-content\/uploads\/2024\/10\/image.png\",\"contentUrl\":\"https:\/\/360.qualintra.com\/wp-content\/uploads\/2024\/10\/image.png\",\"width\":96,\"height\":96},{\"@type\":\"BreadcrumbList\",\"@id\":\"https:\/\/360.qualintra.com\/produit\/360-manager-transformations\/#breadcrumb\",\"itemListElement\":[{\"@type\":\"ListItem\",\"position\":1,\"name\":\"Accueil\",\"item\":\"https:\/\/360.qualintra.com\/\"},{\"@type\":\"ListItem\",\"position\":2,\"name\":\"eShop\",\"item\":\"https:\/\/360.qualintra.com\/boutique\/\"},{\"@type\":\"ListItem\",\"position\":3,\"name\":\"360\u00b0 Manager-transformations\"}]},{\"@type\":\"WebSite\",\"@id\":\"https:\/\/360.qualintra.com\/#website\",\"url\":\"https:\/\/360.qualintra.com\/\",\"name\":\"Qualintra 360\",\"description\":\"\",\"publisher\":{\"@id\":\"https:\/\/360.qualintra.com\/#organization\"},\"potentialAction\":[{\"@type\":\"SearchAction\",\"target\":{\"@type\":\"EntryPoint\",\"urlTemplate\":\"https:\/\/360.qualintra.com\/?s={search_term_string}\"},\"query-input\":{\"@type\":\"PropertyValueSpecification\",\"valueRequired\":true,\"valueName\":\"search_term_string\"}}],\"inLanguage\":\"it-IT\"},{\"@type\":\"Organization\",\"@id\":\"https:\/\/360.qualintra.com\/#organization\",\"name\":\"Qualintra 360\",\"url\":\"https:\/\/360.qualintra.com\/\",\"logo\":{\"@type\":\"ImageObject\",\"inLanguage\":\"it-IT\",\"@id\":\"https:\/\/360.qualintra.com\/#\/schema\/logo\/image\/\",\"url\":\"https:\/\/360.qualintra.com\/wp-content\/uploads\/2024\/09\/logo-qualintra.png\",\"contentUrl\":\"https:\/\/360.qualintra.com\/wp-content\/uploads\/2024\/09\/logo-qualintra.png\",\"width\":1180,\"height\":232,\"caption\":\"Qualintra 360\"},\"image\":{\"@id\":\"https:\/\/360.qualintra.com\/#\/schema\/logo\/image\/\"}}]}<\/script>\n<!-- \/ Yoast SEO plugin. -->","yoast_head_json":{"title":"Trasformazioni a 360\u00b0 dei manager - Qualintra 360","robots":{"index":"index","follow":"follow","max-snippet":"max-snippet:-1","max-image-preview":"max-image-preview:large","max-video-preview":"max-video-preview:-1"},"canonical":"https:\/\/360.qualintra.com\/it\/prodotto\/trasformazioni-a-360-manager\/","og_locale":"it_IT","og_type":"article","og_title":"360\u00b0 Manager-transformations - Qualintra 360","og_description":"360\u00b0 Feedback : Manager-transformations Population concern\u00e9e et objectifs Ce Feedback 360 vise \u00e0 \u00e9valuer le niveau de ma\u00eetrise de ces comp\u00e9tences cl\u00e9s chez les managers seniors et Middle en charge de g\u00e9rer des transformations op\u00e9rationnelles. L&rsquo;objectif est d&rsquo;identifier leurs points forts et axes de progr\u00e8s afin de les accompagner au mieux dans leur r\u00f4le de [&hellip;]","og_url":"https:\/\/360.qualintra.com\/it\/prodotto\/trasformazioni-a-360-manager\/","og_site_name":"Qualintra 360","article_modified_time":"2024-12-09T20:30:04+00:00","og_image":[{"width":96,"height":96,"url":"https:\/\/360.qualintra.com\/wp-content\/uploads\/2024\/10\/image.png","type":"image\/png"}],"twitter_card":"summary_large_image","twitter_misc":{"Tempo di lettura stimato":"2 minuti"},"schema":{"@context":"https:\/\/schema.org","@graph":[{"@type":"WebPage","@id":"https:\/\/360.qualintra.com\/produit\/360-manager-transformations\/","url":"https:\/\/360.qualintra.com\/produit\/360-manager-transformations\/","name":"Trasformazioni a 360\u00b0 dei manager - Qualintra 360","isPartOf":{"@id":"https:\/\/360.qualintra.com\/#website"},"primaryImageOfPage":{"@id":"https:\/\/360.qualintra.com\/produit\/360-manager-transformations\/#primaryimage"},"image":{"@id":"https:\/\/360.qualintra.com\/produit\/360-manager-transformations\/#primaryimage"},"thumbnailUrl":"https:\/\/360.qualintra.com\/wp-content\/uploads\/2024\/10\/image.png","datePublished":"2024-11-14T22:15:54+00:00","dateModified":"2024-12-09T20:30:04+00:00","breadcrumb":{"@id":"https:\/\/360.qualintra.com\/produit\/360-manager-transformations\/#breadcrumb"},"inLanguage":"it-IT","potentialAction":[{"@type":"ReadAction","target":["https:\/\/360.qualintra.com\/produit\/360-manager-transformations\/"]}]},{"@type":"ImageObject","inLanguage":"it-IT","@id":"https:\/\/360.qualintra.com\/produit\/360-manager-transformations\/#primaryimage","url":"https:\/\/360.qualintra.com\/wp-content\/uploads\/2024\/10\/image.png","contentUrl":"https:\/\/360.qualintra.com\/wp-content\/uploads\/2024\/10\/image.png","width":96,"height":96},{"@type":"BreadcrumbList","@id":"https:\/\/360.qualintra.com\/produit\/360-manager-transformations\/#breadcrumb","itemListElement":[{"@type":"ListItem","position":1,"name":"Accueil","item":"https:\/\/360.qualintra.com\/"},{"@type":"ListItem","position":2,"name":"eShop","item":"https:\/\/360.qualintra.com\/boutique\/"},{"@type":"ListItem","position":3,"name":"360\u00b0 Manager-transformations"}]},{"@type":"WebSite","@id":"https:\/\/360.qualintra.com\/#website","url":"https:\/\/360.qualintra.com\/","name":"Qualintra 360","description":"","publisher":{"@id":"https:\/\/360.qualintra.com\/#organization"},"potentialAction":[{"@type":"SearchAction","target":{"@type":"EntryPoint","urlTemplate":"https:\/\/360.qualintra.com\/?s={search_term_string}"},"query-input":{"@type":"PropertyValueSpecification","valueRequired":true,"valueName":"search_term_string"}}],"inLanguage":"it-IT"},{"@type":"Organization","@id":"https:\/\/360.qualintra.com\/#organization","name":"Qualintra 360","url":"https:\/\/360.qualintra.com\/","logo":{"@type":"ImageObject","inLanguage":"it-IT","@id":"https:\/\/360.qualintra.com\/#\/schema\/logo\/image\/","url":"https:\/\/360.qualintra.com\/wp-content\/uploads\/2024\/09\/logo-qualintra.png","contentUrl":"https:\/\/360.qualintra.com\/wp-content\/uploads\/2024\/09\/logo-qualintra.png","width":1180,"height":232,"caption":"Qualintra 360"},"image":{"@id":"https:\/\/360.qualintra.com\/#\/schema\/logo\/image\/"}}]}},"_links":{"self":[{"href":"https:\/\/360.qualintra.com\/it\/wp-json\/wp\/v2\/product\/923","targetHints":{"allow":["GET"]}}],"collection":[{"href":"https:\/\/360.qualintra.com\/it\/wp-json\/wp\/v2\/product"}],"about":[{"href":"https:\/\/360.qualintra.com\/it\/wp-json\/wp\/v2\/types\/product"}],"wp:featuredmedia":[{"embeddable":true,"href":"https:\/\/360.qualintra.com\/it\/wp-json\/wp\/v2\/media\/411"}],"wp:attachment":[{"href":"https:\/\/360.qualintra.com\/it\/wp-json\/wp\/v2\/media?parent=923"}],"wp:term":[{"taxonomy":"product_brand","embeddable":true,"href":"https:\/\/360.qualintra.com\/it\/wp-json\/wp\/v2\/product_brand?post=923"},{"taxonomy":"product_cat","embeddable":true,"href":"https:\/\/360.qualintra.com\/it\/wp-json\/wp\/v2\/product_cat?post=923"},{"taxonomy":"product_tag","embeddable":true,"href":"https:\/\/360.qualintra.com\/it\/wp-json\/wp\/v2\/product_tag?post=923"}],"curies":[{"name":"wp","href":"https:\/\/api.w.org\/{rel}","templated":true}]}}